{"id":21146,"date":"2024-09-26T21:12:05","date_gmt":"2024-09-26T21:12:05","guid":{"rendered":"https:\/\/sona.uy\/?page_id=21146"},"modified":"2025-04-29T17:28:50","modified_gmt":"2025-04-29T17:28:50","slug":"inicio-sona","status":"publish","type":"page","link":"https:\/\/sona.uy\/","title":{"rendered":"INICIO SONA 2024"},"content":{"rendered":"\t\t<div data-elementor-type=\"wp-page\" data-elementor-id=\"21146\" class=\"elementor elementor-21146\">\n\t\t\t\t<div class=\"elementor-element elementor-element-defe292 wd-section-stretch e-flex e-con-boxed e-con e-parent\" data-id=\"defe292\" data-element_type=\"container\" data-settings=\"{&quot;background_background&quot;:&quot;classic&quot;}\">\n\t\t\t\t\t<div class=\"e-con-inner\">\n\t\t\t\t<div class=\"elementor-element elementor-element-444e118 elementor-widget elementor-widget-slider_revolution\" data-id=\"444e118\" data-element_type=\"widget\" data-widget_type=\"slider_revolution.default\">\n\t\t\t\t<div class=\"elementor-widget-container\">\n\t\t\t\t\t\n\t\t<div class=\"wp-block-themepunch-revslider\">\n\t\t\t\t<p class=\"rs-p-wp-fix\"><\/p>\n\t\t\t\t<sr7-module data-alias=\"slider-1\" data-id=\"1\" id=\"SR7_1_1\" class=\"rs-ov-hidden\" data-version=\"6.7.19\">\n\t\t\t\t\t<sr7-adjuster><\/sr7-adjuster>\n\t\t\t\t\t<sr7-content>\n\t\t\t\t\t\t<sr7-slide id=\"SR7_1_1-5\" data-key=\"5\">\n\t\t\t\t\t\t\t<sr7-txt id=\"SR7_1_1-5-8\" class=\"sr7-layer\">Finalizamos el proceso  de habilitaci\u00f3n<\/sr7-txt>\n\t\t\t\t\t\t\t<a id=\"SR7_1_1-5-10\" class=\"sr7-layer\" href=\"https:\/\/sona.uy\/index.php\/sistemas-de-implantes\/\" target=\"_self\">Ver cat\u00e1logo<\/a>\n\t\t\t\t\t\t\t<sr7-txt id=\"SR7_1_1-5-11\" class=\"sr7-layer\">para venta de implantes dentales<\/sr7-txt>\n\t\t\t\t\t\t\t<sr7-txt id=\"SR7_1_1-5-12\" class=\"sr7-layer\">Nos complace anunciar a la comunidad odontol\u00f3gica que hemos<br> finalizado el proceso de registro de la prestigiosa l\u00ednea de implantes<br>y elementos prot\u00e9ticos marca Kinetical<\/sr7-txt>\n\t\t\t\t\t\t<\/sr7-slide>\n\t\t\t\t\t\t<sr7-slide id=\"SR7_1_1-4\" data-key=\"4\">\n\t\t\t\t\t\t\t<sr7-bg id=\"SR7_1_1-4-4\" class=\"sr7-layer\"><noscript><img decoding=\"async\" src=\"https:\/\/sona.uy\/wp-content\/uploads\/2024\/10\/sona_sitio_slider_kinetic.jpg\" alt=\"\" title=\"sona_sitio_slider_kinetic\"><\/noscript><\/sr7-bg>\n\t\t\t\t\t\t<\/sr7-slide>\n\t\t\t\t\t\t<sr7-slide id=\"SR7_1_1-1\" data-key=\"1\">\n\t\t\t\t\t\t\t<sr7-bg id=\"SR7_1_1-1-3\" class=\"sr7-layer\"><noscript><img decoding=\"async\" src=\"https:\/\/sona.uy\/wp-content\/uploads\/2024\/09\/sona_slider1.jpg\" alt=\"\" title=\"sona_slider1\"><\/noscript><\/sr7-bg>\n\t\t\t\t\t\t\t<sr7-txt id=\"SR7_1_1-1-0\" class=\"sr7-layer\">Mejor rendimiento,<br>mejores resultados<br>para los pacientes<\/sr7-txt>\n\t\t\t\t\t\t<\/sr7-slide>\n\t\t\t\t\t\t<sr7-slide id=\"SR7_1_1-3\" data-key=\"3\">\n\t\t\t\t\t\t\t<sr7-bg id=\"SR7_1_1-3-7\" class=\"sr7-layer\"><noscript><img decoding=\"async\" src=\"https:\/\/sona.uy\/wp-content\/uploads\/2024\/09\/sona_slider2.jpg\" alt=\"\" title=\"sona_slider2\"><\/noscript><\/sr7-bg>\n\t\t\t\t\t\t\t<sr7-txt id=\"SR7_1_1-3-0\" class=\"sr7-layer\">Desinfecci\u00f3n de<br>consultorios <br>m\u00e9dicos, dentales<br>y veterinarios.<\/sr7-txt>\n\t\t\t\t\t\t\t<sr7-txt id=\"SR7_1_1-3-6\" class=\"sr7-layer\">German Engineering<\/sr7-txt>\n\t\t\t\t\t\t<\/sr7-slide>\n\t\t\t\t\t\t<sr7-slide id=\"SR7_1_1-2\" data-key=\"2\">\n\t\t\t\t\t\t<\/sr7-slide>\n\t\t\t\t\t<\/sr7-content>\n\t\t\t\t\t<image_lists style=\"display:none\">\n\t\t\t\t\t\t<img data-src=\"\/\/sona.uy\/wp-content\/uploads\/2024\/09\/MaxxOrtho-FC-300x133-1.png\" data-libid=\"21246\" data-lib=\"medialibrary\" title=\"MaxxOrtho-FC-300&#215;133\" width=\"0\" height=\"0\" data-dbsrc=\"Ly9zb25hLnV5L3dwLWNvbnRlbnQvdXBsb2Fkcy8yMDI0LzA5L01heHhPcnRoby1GQy0zMDB4MTMzLTEucG5n\"\/>\n\t\t\t\t\t\t<img data-src=\"\/\/sona.uy\/wp-content\/uploads\/2024\/09\/sona_slider1.jpg\" data-libid=\"21245\" data-lib=\"medialibrary\" title=\"sona_slider1\" width=\"0\" height=\"0\" data-dbsrc=\"Ly9zb25hLnV5L3dwLWNvbnRlbnQvdXBsb2Fkcy8yMDI0LzA5L3NvbmFfc2xpZGVyMS5qcGc=\"\/>\n\t\t\t\t\t\t<img data-src=\"\/\/sona.uy\/wp-content\/uploads\/2024\/09\/sona_bafry_logo_-1.png\" data-libid=\"21253\" data-lib=\"medialibrary\" title=\"sona_bafry_logo_\" width=\"0\" height=\"0\" data-dbsrc=\"Ly9zb25hLnV5L3dwLWNvbnRlbnQvdXBsb2Fkcy8yMDI0LzA5L3NvbmFfYmFmcnlfbG9nb18tMS5wbmc=\"\/>\n\t\t\t\t\t\t<img loading=\"lazy\" data-src=\"\/\/sona.uy\/wp-content\/uploads\/2024\/09\/bandera.png\" data-libid=\"21254\" data-lib=\"medialibrary\" title=\"bandera\" width=\"0\" height=\"0\" data-dbsrc=\"Ly9zb25hLnV5L3dwLWNvbnRlbnQvdXBsb2Fkcy8yMDI0LzA5L2JhbmRlcmEucG5n\"\/>\n\t\t\t\t\t\t<img loading=\"lazy\" data-src=\"\/\/sona.uy\/wp-content\/uploads\/2024\/09\/sona_slider2.jpg\" data-libid=\"21251\" data-lib=\"medialibrary\" title=\"sona_slider2\" width=\"0\" height=\"0\" data-dbsrc=\"Ly9zb25hLnV5L3dwLWNvbnRlbnQvdXBsb2Fkcy8yMDI0LzA5L3NvbmFfc2xpZGVyMi5qcGc=\"\/>\n\t\t\t\t\t\t<img loading=\"lazy\" data-src=\"\/\/sona.uy\/wp-content\/uploads\/2024\/10\/kinetical_logo-1.svg\" data-libid=\"21310\" data-lib=\"medialibrary\" title=\"kinetical_logo\" width=\"0\" height=\"0\" data-dbsrc=\"Ly9zb25hLnV5L3dwLWNvbnRlbnQvdXBsb2Fkcy8yMDI0LzEwL2tpbmV0aWNhbF9sb2dvLTEuc3Zn\"\/>\n\t\t\t\t\t\t<img loading=\"lazy\" data-src=\"\/\/sona.uy\/wp-content\/uploads\/2024\/10\/sona_sitio_slider_kinetic.jpg\" data-libid=\"21309\" data-lib=\"medialibrary\" title=\"sona_sitio_slider_kinetic\" width=\"0\" height=\"0\" data-dbsrc=\"Ly9zb25hLnV5L3dwLWNvbnRlbnQvdXBsb2Fkcy8yMDI0LzEwL3NvbmFfc2l0aW9fc2xpZGVyX2tpbmV0aWMuanBn\"\/>\n\t\t\t\t\t\t<img loading=\"lazy\" data-src=\"\/\/sona.uy\/wp-content\/uploads\/2025\/04\/sona_slider_perno.png\" data-libid=\"21387\" data-lib=\"medialibrary\" title=\"sona_slider_perno\" width=\"0\" height=\"0\" data-dbsrc=\"Ly9zb25hLnV5L3dwLWNvbnRlbnQvdXBsb2Fkcy8yMDI1LzA0L3NvbmFfc2xpZGVyX3Blcm5vLnBuZw==\"\/>\n\t\t\t\t\t<\/image_lists>\n\t\t\t\t<\/sr7-module>\n\t\t\t\t<script>\n\t\t\t\t\tSR7.PMH ??={}; SR7.PMH[\"SR7_1_1\"] = {cn:0,state:false,fn: function() { if (_tpt!==undefined && _tpt.prepareModuleHeight !== undefined) {  _tpt.prepareModuleHeight({id:\"SR7_1_1\",el:[650,650,460,960,720],type:'standard',shdw:'0',gh:[650,650,460,960,720],gw:[1240,1240,1024,778,480],vpt:['100px&#039;,&#039;100px&#039;,&#039;100px&#039;,&#039;100px&#039;,&#039;100px'],size:{fullWidth:true, fullHeight:false},mh:'0',onh:0,onw:0,bg:{color:'{\"orig\":\"transparent\",\"type\":\"solid\",\"string\":\"transparent\"}'}});   SR7.PMH[\"SR7_1_1\"].state=true;} else if((SR7.PMH[\"SR7_1_1\"].cn++)<100)\tsetTimeout( SR7.PMH[\"SR7_1_1\"].fn,19);}};SR7.PMH[\"SR7_1_1\" ].fn();\n\t\t\t\t<\/script>\n<\/div>\n\n\t\t\t\t\t\t<\/div>\n\t\t\t\t<\/div>\n\t\t\t\t\t<\/div>\n\t\t\t\t<\/div>\n\t\t<div class=\"elementor-element elementor-element-61ee90d e-flex e-con-boxed e-con e-parent\" data-id=\"61ee90d\" data-element_type=\"container\">\n\t\t\t\t\t<div class=\"e-con-inner\">\n\t\t<div class=\"elementor-element elementor-element-48d1234 e-con-full e-flex e-con e-child\" data-id=\"48d1234\" data-element_type=\"container\">\n\t\t\t\t<div class=\"elementor-element elementor-element-2b94b9d elementor-widget__width-initial elementor-widget elementor-widget-wd_infobox\" data-id=\"2b94b9d\" data-element_type=\"widget\" data-widget_type=\"wd_infobox.default\">\n\t\t\t\t<div class=\"elementor-widget-container\">\n\t\t\t\t\t\t\t<div class=\"info-box-wrapper\">\n\t\t\t<div class=\"wd-info-box text-left box-icon-align-left box-style-base color-scheme- wd-items-top\">\n\t\t\t\t\t\t\t\t\t<div class=\"box-icon-wrapper  box-with-icon box-icon-simple\">\n\t\t\t\t\t\t<div class=\"info-box-icon\">\n\t\t\t\t\t\t\t\t\t\t\t\t\t\t\t<div class=\"info-svg-wrapper\" style=\"width:42px; height:42px;\"><img loading=\"lazy\" decoding=\"async\"  src=\"https:\/\/sona.uy\/wp-content\/uploads\/2024\/09\/caja_importacion.svg\" title=\"caja_importacion\" width=\"42\" height=\"42\"><\/div>\t\t\t\t\t\t\t\t\t\t\t\t\t<\/div>\n\t\t\t\t\t<\/div>\n\t\t\t\t\n\t\t\t\t<div class=\"info-box-content\">\n\t\t\t\t\t\n\t\t\t\t\t\t\t\t\t\t\t<h4\t\t\t\t\t\tclass=\"info-box-title title box-title-style-default wd-fontsize-m\" data-elementor-setting-key=\"title\">\n\t\t\t\t\t\t\t\tProductos\t\t\t\t\t\t<\/h4>\n\t\t\t\t\t\n\t\t\t\t\t<div class=\"info-box-inner set-cont-mb-s reset-last-child\"data-elementor-setting-key=\"content\"><p>Importamos los mejores productos y dispositivos m\u00e9dicos.<\/p>\n<\/div>\n\n\t\t\t\t\t\t\t\t\t<\/div>\n\n\t\t\t\t\t\t\t\t\t<a href=\"https:\/\/sona.uy\/index.php\/contacto\/\" target=\"_blank\" class=\"wd-info-box-link wd-fill\" aria-label=\"Infobox link\"><\/a>\n\t\t\t\t\t\t\t<\/div>\n\t\t<\/div>\n\t\t\t\t\t\t<\/div>\n\t\t\t\t<\/div>\n\t\t\t\t<\/div>\n\t\t<div class=\"elementor-element elementor-element-7eeeeca e-con-full e-flex e-con e-child\" data-id=\"7eeeeca\" data-element_type=\"container\">\n\t\t\t\t<div class=\"elementor-element elementor-element-8c978ce elementor-widget__width-initial elementor-widget elementor-widget-wd_infobox\" data-id=\"8c978ce\" data-element_type=\"widget\" data-widget_type=\"wd_infobox.default\">\n\t\t\t\t<div class=\"elementor-widget-container\">\n\t\t\t\t\t\t\t<div class=\"info-box-wrapper\">\n\t\t\t<div class=\"wd-info-box text-left box-icon-align-left box-style-base color-scheme- wd-items-top\">\n\t\t\t\t\t\t\t\t\t<div class=\"box-icon-wrapper  box-with-icon box-icon-simple\">\n\t\t\t\t\t\t<div class=\"info-box-icon\">\n\t\t\t\t\t\t\t\t\t\t\t\t\t\t\t<div class=\"info-svg-wrapper\" style=\"width:42px; height:42px;\"><img loading=\"lazy\" decoding=\"async\"  src=\"https:\/\/sona.uy\/wp-content\/uploads\/2024\/09\/soporte_all.svg\" title=\"soporte_all\" width=\"42\" height=\"42\"><\/div>\t\t\t\t\t\t\t\t\t\t\t\t\t<\/div>\n\t\t\t\t\t<\/div>\n\t\t\t\t\n\t\t\t\t<div class=\"info-box-content\">\n\t\t\t\t\t\n\t\t\t\t\t\t\t\t\t\t\t<h4\t\t\t\t\t\tclass=\"info-box-title title box-title-style-default wd-fontsize-m\" data-elementor-setting-key=\"title\">\n\t\t\t\t\t\t\t\tSoporte\t\t\t\t\t\t<\/h4>\n\t\t\t\t\t\n\t\t\t\t\t<div class=\"info-box-inner set-cont-mb-s reset-last-child\"data-elementor-setting-key=\"content\"><p>Ofrecemos soporte, respaldo y repuestos en todos nuestro productos.<\/p>\n<\/div>\n\n\t\t\t\t\t\t\t\t\t<\/div>\n\n\t\t\t\t\t\t\t\t\t<a href=\"https:\/\/sona.uy\/index.php\/contacto\/\" class=\"wd-info-box-link wd-fill\" aria-label=\"Infobox link\"><\/a>\n\t\t\t\t\t\t\t<\/div>\n\t\t<\/div>\n\t\t\t\t\t\t<\/div>\n\t\t\t\t<\/div>\n\t\t\t\t<\/div>\n\t\t<div class=\"elementor-element elementor-element-c995e98 e-con-full e-flex e-con e-child\" data-id=\"c995e98\" data-element_type=\"container\">\n\t\t\t\t<div class=\"elementor-element elementor-element-d408f30 elementor-widget__width-initial elementor-widget elementor-widget-wd_infobox\" data-id=\"d408f30\" data-element_type=\"widget\" data-widget_type=\"wd_infobox.default\">\n\t\t\t\t<div class=\"elementor-widget-container\">\n\t\t\t\t\t\t\t<div class=\"info-box-wrapper\">\n\t\t\t<div class=\"wd-info-box text-left box-icon-align-left box-style-base color-scheme- wd-items-top\">\n\t\t\t\t\t\t\t\t\t<div class=\"box-icon-wrapper  box-with-icon box-icon-simple\">\n\t\t\t\t\t\t<div class=\"info-box-icon\">\n\t\t\t\t\t\t\t\t\t\t\t\t\t\t\t<div class=\"info-svg-wrapper\" style=\"width:42px; height:42px;\"><img loading=\"lazy\" decoding=\"async\"  src=\"https:\/\/sona.uy\/wp-content\/uploads\/2024\/09\/contacto.svg\" title=\"contacto\" width=\"42\" height=\"42\"><\/div>\t\t\t\t\t\t\t\t\t\t\t\t\t<\/div>\n\t\t\t\t\t<\/div>\n\t\t\t\t\n\t\t\t\t<div class=\"info-box-content\">\n\t\t\t\t\t\n\t\t\t\t\t\t\t\t\t\t\t<h4\t\t\t\t\t\tclass=\"info-box-title title box-title-style-default wd-fontsize-m\" data-elementor-setting-key=\"title\">\n\t\t\t\t\t\t\t\tContacto y Ventas\t\t\t\t\t\t<\/h4>\n\t\t\t\t\t\n\t\t\t\t\t<div class=\"info-box-inner set-cont-mb-s reset-last-child\"data-elementor-setting-key=\"content\"><p>Estamos disponibles para ampliar informaci\u00f3n sobre todos los productos.<\/p>\n<\/div>\n\n\t\t\t\t\t\t\t\t\t<\/div>\n\n\t\t\t\t\t\t\t\t\t<a href=\"https:\/\/sona.uy\/index.php\/contacto\/\" class=\"wd-info-box-link wd-fill\" aria-label=\"Infobox link\"><\/a>\n\t\t\t\t\t\t\t<\/div>\n\t\t<\/div>\n\t\t\t\t\t\t<\/div>\n\t\t\t\t<\/div>\n\t\t\t\t<\/div>\n\t\t\t\t\t<\/div>\n\t\t\t\t<\/div>\n\t\t<div class=\"elementor-element elementor-element-92d4c61 wd-section-stretch e-flex e-con-boxed e-con e-parent\" data-id=\"92d4c61\" data-element_type=\"container\" data-settings=\"{&quot;background_background&quot;:&quot;classic&quot;}\">\n\t\t\t\t\t<div class=\"e-con-inner\">\n\t\t\t\t<div class=\"elementor-element elementor-element-631837d elementor-arrows-position-inside elementor-pagination-position-outside elementor-widget elementor-widget-image-carousel\" data-id=\"631837d\" data-element_type=\"widget\" data-settings=\"{&quot;slides_to_show&quot;:&quot;3&quot;,&quot;navigation&quot;:&quot;both&quot;,&quot;autoplay&quot;:&quot;yes&quot;,&quot;pause_on_hover&quot;:&quot;yes&quot;,&quot;pause_on_interaction&quot;:&quot;yes&quot;,&quot;autoplay_speed&quot;:5000,&quot;infinite&quot;:&quot;yes&quot;,&quot;speed&quot;:500}\" data-widget_type=\"image-carousel.default\">\n\t\t\t\t<div class=\"elementor-widget-container\">\n\t\t\t\t\t\t\t<div class=\"elementor-image-carousel-wrapper swiper\" role=\"region\" aria-roledescription=\"carousel\" aria-label=\"Carrusel de im\u00e1genes\" dir=\"ltr\">\n\t\t\t<div class=\"elementor-image-carousel swiper-wrapper\" aria-live=\"off\">\n\t\t\t\t\t\t\t\t<div class=\"swiper-slide\" role=\"group\" aria-roledescription=\"slide\" aria-label=\"1 de 6\"><figure class=\"swiper-slide-inner\"><img decoding=\"async\" class=\"swiper-slide-image\" src=\"https:\/\/sona.uy\/wp-content\/uploads\/2024\/09\/sona_arcam_logo.jpg\" alt=\"sona_arcam_logo\" \/><\/figure><\/div><div class=\"swiper-slide\" role=\"group\" aria-roledescription=\"slide\" aria-label=\"2 de 6\"><figure class=\"swiper-slide-inner\"><img decoding=\"async\" class=\"swiper-slide-image\" src=\"https:\/\/sona.uy\/wp-content\/uploads\/2024\/09\/sona_bafry_logo.jpg\" alt=\"sona_bafry_logo\" \/><\/figure><\/div><div class=\"swiper-slide\" role=\"group\" aria-roledescription=\"slide\" aria-label=\"3 de 6\"><figure class=\"swiper-slide-inner\"><img decoding=\"async\" class=\"swiper-slide-image\" src=\"https:\/\/sona.uy\/wp-content\/uploads\/2024\/09\/sona_conceptlaser_logo.jpg\" alt=\"sona_conceptlaser_logo\" \/><\/figure><\/div><div class=\"swiper-slide\" role=\"group\" aria-roledescription=\"slide\" aria-label=\"4 de 6\"><figure class=\"swiper-slide-inner\"><img decoding=\"async\" class=\"swiper-slide-image\" src=\"https:\/\/sona.uy\/wp-content\/uploads\/2024\/09\/sona_kinetical_logo.jpg\" alt=\"sona_kinetical_logo\" \/><\/figure><\/div><div class=\"swiper-slide\" role=\"group\" aria-roledescription=\"slide\" aria-label=\"5 de 6\"><figure class=\"swiper-slide-inner\"><img decoding=\"async\" class=\"swiper-slide-image\" src=\"https:\/\/sona.uy\/wp-content\/uploads\/2024\/09\/sona_materialise_logo.jpg\" alt=\"sona_materialise_logo\" \/><\/figure><\/div><div class=\"swiper-slide\" role=\"group\" aria-roledescription=\"slide\" aria-label=\"6 de 6\"><figure class=\"swiper-slide-inner\"><img decoding=\"async\" class=\"swiper-slide-image\" src=\"https:\/\/sona.uy\/wp-content\/uploads\/2024\/09\/sona_materialise_magics_logo.jpg\" alt=\"sona_materialise_magics_logo\" \/><\/figure><\/div>\t\t\t<\/div>\n\t\t\t\t\t\t\t\t\t\t\t\t<div class=\"elementor-swiper-button elementor-swiper-button-prev\" role=\"button\" tabindex=\"0\">\n\t\t\t\t\t\t<svg aria-hidden=\"true\" class=\"e-font-icon-svg e-eicon-chevron-left\" viewBox=\"0 0 1000 1000\" xmlns=\"http:\/\/www.w3.org\/2000\/svg\"><path d=\"M646 125C629 125 613 133 604 142L308 442C296 454 292 471 292 487 292 504 296 521 308 533L604 854C617 867 629 875 646 875 663 875 679 871 692 858 704 846 713 829 713 812 713 796 708 779 692 767L438 487 692 225C700 217 708 204 708 187 708 171 704 154 692 142 675 129 663 125 646 125Z\"><\/path><\/svg>\t\t\t\t\t<\/div>\n\t\t\t\t\t<div class=\"elementor-swiper-button elementor-swiper-button-next\" role=\"button\" tabindex=\"0\">\n\t\t\t\t\t\t<svg aria-hidden=\"true\" class=\"e-font-icon-svg e-eicon-chevron-right\" viewBox=\"0 0 1000 1000\" xmlns=\"http:\/\/www.w3.org\/2000\/svg\"><path d=\"M696 533C708 521 713 504 713 487 713 471 708 454 696 446L400 146C388 133 375 125 354 125 338 125 325 129 313 142 300 154 292 171 292 187 292 204 296 221 308 233L563 492 304 771C292 783 288 800 288 817 288 833 296 850 308 863 321 871 338 875 354 875 371 875 388 867 400 854L696 533Z\"><\/path><\/svg>\t\t\t\t\t<\/div>\n\t\t\t\t\n\t\t\t\t\t\t\t\t\t<div class=\"swiper-pagination\"><\/div>\n\t\t\t\t\t\t\t\t\t<\/div>\n\t\t\t\t\t\t<\/div>\n\t\t\t\t<\/div>\n\t\t\t\t\t<\/div>\n\t\t\t\t<\/div>\n\t\t\t\t<\/div>\n\t\t","protected":false},"excerpt":{"rendered":"<p>Productos Importamos los mejores productos y dispositivos m\u00e9dicos. Soporte Ofrecemos soporte, respaldo y repuestos en todos nuestro productos. Contacto y<\/p>\n","protected":false},"author":1,"featured_media":0,"parent":0,"menu_order":0,"comment_status":"closed","ping_status":"closed","template":"","meta":{"om_disable_all_campaigns":false,"_monsterinsights_skip_tracking":false,"_monsterinsights_sitenote_active":false,"_monsterinsights_sitenote_note":"","_monsterinsights_sitenote_category":0,"footnotes":""},"class_list":["post-21146","page","type-page","status-publish","hentry"],"aioseo_notices":[],"_links":{"self":[{"href":"https:\/\/sona.uy\/index.php\/wp-json\/wp\/v2\/pages\/21146","targetHints":{"allow":["GET"]}}],"collection":[{"href":"https:\/\/sona.uy\/index.php\/wp-json\/wp\/v2\/pages"}],"about":[{"href":"https:\/\/sona.uy\/index.php\/wp-json\/wp\/v2\/types\/page"}],"author":[{"embeddable":true,"href":"https:\/\/sona.uy\/index.php\/wp-json\/wp\/v2\/users\/1"}],"replies":[{"embeddable":true,"href":"https:\/\/sona.uy\/index.php\/wp-json\/wp\/v2\/comments?post=21146"}],"version-history":[{"count":49,"href":"https:\/\/sona.uy\/index.php\/wp-json\/wp\/v2\/pages\/21146\/revisions"}],"predecessor-version":[{"id":21396,"href":"https:\/\/sona.uy\/index.php\/wp-json\/wp\/v2\/pages\/21146\/revisions\/21396"}],"wp:attachment":[{"href":"https:\/\/sona.uy\/index.php\/wp-json\/wp\/v2\/media?parent=21146"}],"curies":[{"name":"wp","href":"https:\/\/api.w.org\/{rel}","templated":true}]}}