{"id":21469,"date":"2025-05-02T04:08:03","date_gmt":"2025-05-02T04:08:03","guid":{"rendered":"https:\/\/sona.uy\/?page_id=21469"},"modified":"2025-05-14T13:22:40","modified_gmt":"2025-05-14T13:22:40","slug":"spirit-hi","status":"publish","type":"page","link":"https:\/\/sona.uy\/index.php\/spirit-hi\/","title":{"rendered":"Spirit HI"},"content":{"rendered":"\t\t<div data-elementor-type=\"wp-page\" data-elementor-id=\"21469\" class=\"elementor elementor-21469\">\n\t\t\t\t<div class=\"elementor-element elementor-element-7bd285d e-flex e-con-boxed e-con e-parent\" data-id=\"7bd285d\" data-element_type=\"container\">\n\t\t\t\t\t<div class=\"e-con-inner\">\n\t\t<div class=\"elementor-element elementor-element-d1234fa e-con-full e-flex e-con e-child\" data-id=\"d1234fa\" data-element_type=\"container\">\n\t\t\t\t<div class=\"elementor-element elementor-element-6e75179f elementor-widget elementor-widget-wd_text_block\" data-id=\"6e75179f\" data-element_type=\"widget\" data-widget_type=\"wd_text_block.default\">\n\t\t\t\t<div class=\"elementor-widget-container\">\n\t\t\t\t\t\t\t<div class=\"wd-text-block reset-last-child text-left\">\n\t\t\t\n\t\t\t<p>Spirit\u00ae\ufe0f es una soluci\u00f3n vanguardista al alcance del odont\u00f3logo de hoy.<\/p><p>Su dise\u00f1o se ha realizado pensando en la eficiencia y sencillez de un sistema para todos los casos. ideal para carga inmediata y hasta protocolos convencionales, en todo tipo de huesos.<\/p><p>Spirit\u00ae\ufe0f HI ha sido pensado especificamente para soluciones cl\u00ednicas m\u00faltiples, en tipos de hueso I y II.<\/p><p>Cuenta con una \u00f9nica conexi\u00f3n en todos los di\u00e1metros y un cierre de implante-protesis desarrollado para lograr est\u00e9tica con facilidad. Toda la gama de componentes prot\u00e9sicos ha sido optimizada para otorgarle al profesional la soluci\u00f3n exacta para cada caso.<\/p><p>Desarrollamos nuestros productos pensando en la calidad y simplicidad, para que el profesional encuentre el implante indicado seg\u00fan el requerimiento de cada caso cl\u00ednico.<\/p><p>El sistema cuenta con implantes denominados cortos, 4.2x6 y 5.0x6. Ideales para casos con limitaciones anat\u00f3micas, cerca del dentario, o con poca altura osea.<\/p><p>Spirit\u00ae\ufe0f HI es tecnolog\u00eda e innovaci\u00f3n combinados para obtener resultados predecibles y exitosos.<\/p>\n\t\t\t\t\t<\/div>\n\t\t\t\t\t\t<\/div>\n\t\t\t\t<\/div>\n\t\t\t\t<\/div>\n\t\t<div class=\"elementor-element elementor-element-445effd e-con-full e-flex e-con e-child\" data-id=\"445effd\" data-element_type=\"container\">\n\t\t\t\t<div class=\"elementor-element elementor-element-733517d elementor-widget elementor-widget-image\" data-id=\"733517d\" data-element_type=\"widget\" data-widget_type=\"image.default\">\n\t\t\t\t<div class=\"elementor-widget-container\">\n\t\t\t\t\t\t\t\t\t\t\t\t\t\t\t<img fetchpriority=\"high\" decoding=\"async\" width=\"477\" height=\"800\" src=\"https:\/\/sona.uy\/wp-content\/uploads\/2025\/05\/spirit-477x800.png\" class=\"attachment-large size-large wp-image-21480\" alt=\"\" srcset=\"https:\/\/sona.uy\/wp-content\/uploads\/2025\/05\/spirit-477x800.png 477w, https:\/\/sona.uy\/wp-content\/uploads\/2025\/05\/spirit-179x300.png 179w, https:\/\/sona.uy\/wp-content\/uploads\/2025\/05\/spirit-430x722.png 430w, https:\/\/sona.uy\/wp-content\/uploads\/2025\/05\/spirit-700x1175.png 700w, https:\/\/sona.uy\/wp-content\/uploads\/2025\/05\/spirit-150x252.png 150w, https:\/\/sona.uy\/wp-content\/uploads\/2025\/05\/spirit.png 715w\" sizes=\"(max-width: 477px) 100vw, 477px\" \/>\t\t\t\t\t\t\t\t\t\t\t\t\t\t\t<\/div>\n\t\t\t\t<\/div>\n\t\t\t\t<\/div>\n\t\t\t\t\t<\/div>\n\t\t\t\t<\/div>\n\t\t<div class=\"elementor-element elementor-element-6f81ea37 e-grid e-con-full e-con e-parent\" data-id=\"6f81ea37\" data-element_type=\"container\">\n\t\t\t\t<\/div>\n\t\t<div class=\"elementor-element elementor-element-440ebbc4 e-grid e-con-boxed e-con e-parent\" data-id=\"440ebbc4\" data-element_type=\"container\">\n\t\t\t\t\t<div class=\"e-con-inner\">\n\t\t\t\t<div class=\"elementor-element elementor-element-30be1a96 elementor-position-top elementor-widget elementor-widget-image-box\" data-id=\"30be1a96\" data-element_type=\"widget\" data-widget_type=\"image-box.default\">\n\t\t\t\t<div class=\"elementor-widget-container\">\n\t\t\t\t\t<div class=\"elementor-image-box-wrapper\"><figure class=\"elementor-image-box-img\"><img decoding=\"async\" width=\"320\" height=\"320\" src=\"https:\/\/sona.uy\/wp-content\/uploads\/2025\/05\/f-1.png\" class=\"attachment-full size-full wp-image-21443\" alt=\"\" srcset=\"https:\/\/sona.uy\/wp-content\/uploads\/2025\/05\/f-1.png 320w, https:\/\/sona.uy\/wp-content\/uploads\/2025\/05\/f-1-300x300.png 300w, https:\/\/sona.uy\/wp-content\/uploads\/2025\/05\/f-1-150x150.png 150w\" sizes=\"(max-width: 320px) 100vw, 320px\" \/><\/figure><div class=\"elementor-image-box-content\"><h3 class=\"elementor-image-box-title\">Platform switching<\/h3><p class=\"elementor-image-box-description\">Ayuda a minimizar la p\u00e9rdida \u00f3sea, reduciendo el pico de estr\u00e9s y preservando el hueso marginal.\n\n<\/p><\/div><\/div>\t\t\t\t<\/div>\n\t\t\t\t<\/div>\n\t\t\t\t<div class=\"elementor-element elementor-element-33ecc3a8 elementor-position-top elementor-widget elementor-widget-image-box\" data-id=\"33ecc3a8\" data-element_type=\"widget\" data-widget_type=\"image-box.default\">\n\t\t\t\t<div class=\"elementor-widget-container\">\n\t\t\t\t\t<div class=\"elementor-image-box-wrapper\"><figure class=\"elementor-image-box-img\"><img decoding=\"async\" width=\"319\" height=\"333\" src=\"https:\/\/sona.uy\/wp-content\/uploads\/2025\/05\/f-2.png\" class=\"attachment-full size-full wp-image-21447\" alt=\"\" srcset=\"https:\/\/sona.uy\/wp-content\/uploads\/2025\/05\/f-2.png 319w, https:\/\/sona.uy\/wp-content\/uploads\/2025\/05\/f-2-287x300.png 287w, https:\/\/sona.uy\/wp-content\/uploads\/2025\/05\/f-2-150x157.png 150w\" sizes=\"(max-width: 319px) 100vw, 319px\" \/><\/figure><div class=\"elementor-image-box-content\"><h3 class=\"elementor-image-box-title\">Micro-roscas<\/h3><p class=\"elementor-image-box-description\">Aumentan la superficie de contacto con el hueso, disminuyendo la reabsorci\u00f3n de la cresta \u00f3sea marginal.\n\n\n\n<\/p><\/div><\/div>\t\t\t\t<\/div>\n\t\t\t\t<\/div>\n\t\t\t\t<div class=\"elementor-element elementor-element-25c1e6b1 elementor-position-top elementor-widget elementor-widget-image-box\" data-id=\"25c1e6b1\" data-element_type=\"widget\" data-widget_type=\"image-box.default\">\n\t\t\t\t<div class=\"elementor-widget-container\">\n\t\t\t\t\t<div class=\"elementor-image-box-wrapper\"><figure class=\"elementor-image-box-img\"><img loading=\"lazy\" decoding=\"async\" width=\"319\" height=\"319\" src=\"https:\/\/sona.uy\/wp-content\/uploads\/2025\/05\/f-3.png\" class=\"attachment-full size-full wp-image-21448\" alt=\"\" srcset=\"https:\/\/sona.uy\/wp-content\/uploads\/2025\/05\/f-3.png 319w, https:\/\/sona.uy\/wp-content\/uploads\/2025\/05\/f-3-300x300.png 300w, https:\/\/sona.uy\/wp-content\/uploads\/2025\/05\/f-3-150x150.png 150w\" sizes=\"(max-width: 319px) 100vw, 319px\" \/><\/figure><div class=\"elementor-image-box-content\"><h3 class=\"elementor-image-box-title\">Canal de corte<\/h3><p class=\"elementor-image-box-description\">Ayuda a la inserci\u00f3n del implante y reduce la presi\u00f3n en la zona cortical.\n\n\n\n<\/p><\/div><\/div>\t\t\t\t<\/div>\n\t\t\t\t<\/div>\n\t\t\t\t<div class=\"elementor-element elementor-element-4dd287eb elementor-position-top elementor-widget elementor-widget-image-box\" data-id=\"4dd287eb\" data-element_type=\"widget\" data-widget_type=\"image-box.default\">\n\t\t\t\t<div class=\"elementor-widget-container\">\n\t\t\t\t\t<div class=\"elementor-image-box-wrapper\"><figure class=\"elementor-image-box-img\"><img loading=\"lazy\" decoding=\"async\" width=\"320\" height=\"331\" src=\"https:\/\/sona.uy\/wp-content\/uploads\/2025\/05\/f-4.png\" class=\"attachment-full size-full wp-image-21449\" alt=\"\" srcset=\"https:\/\/sona.uy\/wp-content\/uploads\/2025\/05\/f-4.png 320w, https:\/\/sona.uy\/wp-content\/uploads\/2025\/05\/f-4-290x300.png 290w, https:\/\/sona.uy\/wp-content\/uploads\/2025\/05\/f-4-150x155.png 150w\" sizes=\"(max-width: 320px) 100vw, 320px\" \/><\/figure><div class=\"elementor-image-box-content\"><h3 class=\"elementor-image-box-title\">Apice redondeado<\/h3><p class=\"elementor-image-box-description\">Reducci\u00f3n del estr\u00e9s \u00f3seo, lo que permite una inserci\u00f3n mas suave.\n<\/p><\/div><\/div>\t\t\t\t<\/div>\n\t\t\t\t<\/div>\n\t\t\t\t<div class=\"elementor-element elementor-element-433afce2 elementor-position-top elementor-widget elementor-widget-image-box\" data-id=\"433afce2\" data-element_type=\"widget\" data-widget_type=\"image-box.default\">\n\t\t\t\t<div class=\"elementor-widget-container\">\n\t\t\t\t\t<div class=\"elementor-image-box-wrapper\"><figure class=\"elementor-image-box-img\"><img loading=\"lazy\" decoding=\"async\" width=\"320\" height=\"320\" src=\"https:\/\/sona.uy\/wp-content\/uploads\/2025\/05\/f-5.png\" class=\"attachment-full size-full wp-image-21450\" alt=\"\" srcset=\"https:\/\/sona.uy\/wp-content\/uploads\/2025\/05\/f-5.png 320w, https:\/\/sona.uy\/wp-content\/uploads\/2025\/05\/f-5-300x300.png 300w, https:\/\/sona.uy\/wp-content\/uploads\/2025\/05\/f-5-150x150.png 150w\" sizes=\"(max-width: 320px) 100vw, 320px\" \/><\/figure><div class=\"elementor-image-box-content\"><h3 class=\"elementor-image-box-title\">Dise\u00f1o c\u00f3nico<\/h3><p class=\"elementor-image-box-description\">El dise\u00f1o c\u00f3nico otorga una alta estabilidad primaria debido a la distribuci\u00f3n uniforme de cargas.\n\n<\/p><\/div><\/div>\t\t\t\t<\/div>\n\t\t\t\t<\/div>\n\t\t\t\t<div class=\"elementor-element elementor-element-3f4955e1 elementor-position-top elementor-widget elementor-widget-image-box\" data-id=\"3f4955e1\" data-element_type=\"widget\" data-widget_type=\"image-box.default\">\n\t\t\t\t<div class=\"elementor-widget-container\">\n\t\t\t\t\t<div class=\"elementor-image-box-wrapper\"><figure class=\"elementor-image-box-img\"><img loading=\"lazy\" decoding=\"async\" width=\"320\" height=\"320\" src=\"https:\/\/sona.uy\/wp-content\/uploads\/2025\/05\/f-6.png\" class=\"attachment-full size-full wp-image-21451\" alt=\"\" srcset=\"https:\/\/sona.uy\/wp-content\/uploads\/2025\/05\/f-6.png 320w, https:\/\/sona.uy\/wp-content\/uploads\/2025\/05\/f-6-300x300.png 300w, https:\/\/sona.uy\/wp-content\/uploads\/2025\/05\/f-6-150x150.png 150w\" sizes=\"(max-width: 320px) 100vw, 320px\" \/><\/figure><div class=\"elementor-image-box-content\"><h3 class=\"elementor-image-box-title\">Rosca de doble hilo<\/h3><p class=\"elementor-image-box-description\">El dise\u00f1o de doble hilo reducir\u00e1 el tiempo de inserci\u00f3n. Ideal para huesos tipo III y IV.\n\n\n\n<\/p><\/div><\/div>\t\t\t\t<\/div>\n\t\t\t\t<\/div>\n\t\t\t\t\t<\/div>\n\t\t\t\t<\/div>\n\t\t<div class=\"elementor-element elementor-element-6879249 e-flex e-con-boxed e-con e-parent\" data-id=\"6879249\" data-element_type=\"container\">\n\t\t\t\t\t<div class=\"e-con-inner\">\n\t\t\t\t<div class=\"elementor-element elementor-element-30a8d70 elementor-widget elementor-widget-wd_tabs\" data-id=\"30a8d70\" data-element_type=\"widget\" data-widget_type=\"wd_tabs.default\">\n\t\t\t\t<div class=\"elementor-widget-container\">\n\t\t\t\t\t\t\t<div class=\"wd-tabs tabs-design-default\">\n\t\t\t<div class=\"wd-tabs-header text-center\">\n\t\t\t\t\t\t\t\t\t<div class=\"tabs-name title\">\n\t\t\t\t\t\t\n\t\t\t\t\t\t<span class=\"tabs-text\" data-elementor-setting-key=\"title\">\n\t\t\t\t\t\t\tInformaci\u00f3n t\u00e9cnica\t\t\t\t\t\t<\/span>\n\t\t\t\t\t<\/div>\n\t\t\t\t\n\t\t\t\t\n\t\t\t\t<div class=\"wd-nav-wrapper wd-nav-tabs-wrapper\">\n\t\t\t\t\t<ul class=\"wd-nav wd-nav-tabs wd-icon-pos-left wd-style-default\">\n\t\t\t\t\t\t\t\t\t\t\t\t\t\n\t\t\t\t\t\t\t<li>\n\t\t\t\t\t\t\t\t<a href=\"#\" class=\"wd-nav-link\">\n\t\t\t\t\t\t\t\t\t\n\t\t\t\t\t\t\t\t\t<span class=\"nav-link-text wd-tabs-title\">\n\t\t\t\t\t\t\t\t\t\tMedidas \t\t\t\t\t\t\t\t\t<\/span>\n\t\t\t\t\t\t\t\t<\/a>\n\t\t\t\t\t\t\t<\/li>\n\n\t\t\t\t\t\t\t\t\t\t\t\t\t\n\t\t\t\t\t\t\t<li>\n\t\t\t\t\t\t\t\t<a href=\"#\" class=\"wd-nav-link\">\n\t\t\t\t\t\t\t\t\t\n\t\t\t\t\t\t\t\t\t<span class=\"nav-link-text wd-tabs-title\">\n\t\t\t\t\t\t\t\t\t\tMaterial \t\t\t\t\t\t\t\t\t<\/span>\n\t\t\t\t\t\t\t\t<\/a>\n\t\t\t\t\t\t\t<\/li>\n\n\t\t\t\t\t\t\t\t\t\t\t\t\t\n\t\t\t\t\t\t\t<li>\n\t\t\t\t\t\t\t\t<a href=\"#\" class=\"wd-nav-link\">\n\t\t\t\t\t\t\t\t\t\n\t\t\t\t\t\t\t\t\t<span class=\"nav-link-text wd-tabs-title\">\n\t\t\t\t\t\t\t\t\t\tPackaging\t\t\t\t\t\t\t\t\t<\/span>\n\t\t\t\t\t\t\t\t<\/a>\n\t\t\t\t\t\t\t<\/li>\n\n\t\t\t\t\t\t\t\t\t\t\t\t\t\n\t\t\t\t\t\t\t<li>\n\t\t\t\t\t\t\t\t<a href=\"#\" class=\"wd-nav-link\">\n\t\t\t\t\t\t\t\t\t\n\t\t\t\t\t\t\t\t\t<span class=\"nav-link-text wd-tabs-title\">\n\t\t\t\t\t\t\t\t\t\tProtocolo de fresado\t\t\t\t\t\t\t\t\t<\/span>\n\t\t\t\t\t\t\t\t<\/a>\n\t\t\t\t\t\t\t<\/li>\n\n\t\t\t\t\t\t\t\t\t\t\t<\/ul>\n\t\t\t\t<\/div>\n\t\t\t<\/div>\n\n\t\t\t<div class=\"wd-tab-content-wrapper\">\n\t\t\t\t\t\t\t\t\t\t\t\t\t\t\n\t\t\t\t\t\n\t\t\t\t\t<div class=\"wd-tab-content wd-active wd-in\">\n\t\t\t\t\t\t\t\t\t\t\t\t\t<div >\n\t\t\t\t\t\t\t\t<p><a href=\"https:\/\/sona.uy\/wp-content\/uploads\/2025\/05\/medidas.jpg\"><img loading=\"lazy\" decoding=\"async\" class=\"aligncenter wp-image-21483 size-large\" src=\"https:\/\/sona.uy\/wp-content\/uploads\/2025\/05\/medidas-1124x800.jpg\" alt=\"\" width=\"1124\" height=\"800\" srcset=\"https:\/\/sona.uy\/wp-content\/uploads\/2025\/05\/medidas-1124x800.jpg 1124w, https:\/\/sona.uy\/wp-content\/uploads\/2025\/05\/medidas-400x285.jpg 400w, https:\/\/sona.uy\/wp-content\/uploads\/2025\/05\/medidas-768x546.jpg 768w, https:\/\/sona.uy\/wp-content\/uploads\/2025\/05\/medidas-430x306.jpg 430w, https:\/\/sona.uy\/wp-content\/uploads\/2025\/05\/medidas-700x498.jpg 700w, https:\/\/sona.uy\/wp-content\/uploads\/2025\/05\/medidas-150x107.jpg 150w, https:\/\/sona.uy\/wp-content\/uploads\/2025\/05\/medidas.jpg 1400w\" sizes=\"(max-width: 1124px) 100vw, 1124px\" \/><\/a><\/p>\t\t\t\t\t\t\t<\/div>\n\t\t\t\t\t\t\t\t\t\t\t<\/div>\n\n\t\t\t\t\t\t\t\t\t\t\t\t\t\t\n\t\t\t\t\t\n\t\t\t\t\t<div class=\"wd-tab-content\">\n\t\t\t\t\t\t\t\t\t\t\t\t\t<div >\n\t\t\t\t\t\t\t\t<h4>Titanio Grado IV (Ti 6Al-4V ELI)<\/h4><p>Utilizamos materia prima enriquecida por medio de la tecnolog\u00eda Cold Working, aumentando en un 47% la resistencia mec\u00e1nica del Titanio y, as\u00edmismo, elevando la confianza en el producto.<\/p><p>- Alta resistencia a la deformaci\u00f3n y fractura<br \/>- Gran capacidad de osteointegraci\u00f3n dentro del cuerpo humano<br \/>- Alta tenacidad con formabilidad moderada<br \/>- Origen: E.E.U.U.<br \/>- Trabajado en Fr\u00edo<\/p>\t\t\t\t\t\t\t<\/div>\n\t\t\t\t\t\t\t\t\t\t\t<\/div>\n\n\t\t\t\t\t\t\t\t\t\t\t\t\t\t\n\t\t\t\t\t\n\t\t\t\t\t<div class=\"wd-tab-content\">\n\t\t\t\t\t\t\t\t\t\t\t\t\t<div >\n\t\t\t\t\t\t\t\t<p><a href=\"https:\/\/sona.uy\/wp-content\/uploads\/2025\/05\/packaging-1.png\"><img loading=\"lazy\" decoding=\"async\" class=\"aligncenter wp-image-21487 size-large\" src=\"https:\/\/sona.uy\/wp-content\/uploads\/2025\/05\/packaging-1-1300x676.png\" alt=\"\" width=\"1300\" height=\"676\" srcset=\"https:\/\/sona.uy\/wp-content\/uploads\/2025\/05\/packaging-1-1300x676.png 1300w, https:\/\/sona.uy\/wp-content\/uploads\/2025\/05\/packaging-1-400x208.png 400w, https:\/\/sona.uy\/wp-content\/uploads\/2025\/05\/packaging-1-768x399.png 768w, https:\/\/sona.uy\/wp-content\/uploads\/2025\/05\/packaging-1-1536x799.png 1536w, https:\/\/sona.uy\/wp-content\/uploads\/2025\/05\/packaging-1-430x224.png 430w, https:\/\/sona.uy\/wp-content\/uploads\/2025\/05\/packaging-1-700x364.png 700w, https:\/\/sona.uy\/wp-content\/uploads\/2025\/05\/packaging-1-150x78.png 150w, https:\/\/sona.uy\/wp-content\/uploads\/2025\/05\/packaging-1.png 1775w\" sizes=\"(max-width: 1300px) 100vw, 1300px\" \/><\/a><\/p>\t\t\t\t\t\t\t<\/div>\n\t\t\t\t\t\t\t\t\t\t\t<\/div>\n\n\t\t\t\t\t\t\t\t\t\t\t\t\t\t\n\t\t\t\t\t\n\t\t\t\t\t<div class=\"wd-tab-content\">\n\t\t\t\t\t\t\t\t\t\t\t\t\t<div >\n\t\t\t\t\t\t\t\t<p><a href=\"https:\/\/sona.uy\/wp-content\/uploads\/2025\/05\/protocolo.png\"><img loading=\"lazy\" decoding=\"async\" class=\"aligncenter wp-image-21488 size-full\" src=\"https:\/\/sona.uy\/wp-content\/uploads\/2025\/05\/protocolo.png\" alt=\"\" width=\"1063\" height=\"768\" srcset=\"https:\/\/sona.uy\/wp-content\/uploads\/2025\/05\/protocolo.png 1063w, https:\/\/sona.uy\/wp-content\/uploads\/2025\/05\/protocolo-400x289.png 400w, https:\/\/sona.uy\/wp-content\/uploads\/2025\/05\/protocolo-768x555.png 768w, https:\/\/sona.uy\/wp-content\/uploads\/2025\/05\/protocolo-430x311.png 430w, https:\/\/sona.uy\/wp-content\/uploads\/2025\/05\/protocolo-700x506.png 700w, https:\/\/sona.uy\/wp-content\/uploads\/2025\/05\/protocolo-150x108.png 150w\" sizes=\"(max-width: 1063px) 100vw, 1063px\" \/><\/a><\/p><p><a href=\"https:\/\/sona.uy\/wp-content\/uploads\/2025\/05\/protocolo-spirit.pdf\" target=\"_blank\" rel=\"noopener\">Descargar protocolo de fresado<\/a><\/p>\t\t\t\t\t\t\t<\/div>\n\t\t\t\t\t\t\t\t\t\t\t<\/div>\n\n\t\t\t\t\t\t\t<\/div>\n\t\t<\/div>\n\t\t\t\t\t\t<\/div>\n\t\t\t\t<\/div>\n\t\t\t\t\t<\/div>\n\t\t\t\t<\/div>\n\t\t\t\t<\/div>\n\t\t","protected":false},"excerpt":{"rendered":"<p>Spirit\u00ae\ufe0f es una soluci\u00f3n vanguardista al alcance del odont\u00f3logo de hoy. Su dise\u00f1o se ha realizado pensando en la eficiencia<\/p>\n","protected":false},"author":1,"featured_media":0,"parent":0,"menu_order":0,"comment_status":"closed","ping_status":"closed","template":"","meta":{"om_disable_all_campaigns":false,"_monsterinsights_skip_tracking":false,"_monsterinsights_sitenote_active":false,"_monsterinsights_sitenote_note":"","_monsterinsights_sitenote_category":0,"footnotes":""},"class_list":["post-21469","page","type-page","status-publish","hentry"],"aioseo_notices":[],"_links":{"self":[{"href":"https:\/\/sona.uy\/index.php\/wp-json\/wp\/v2\/pages\/21469","targetHints":{"allow":["GET"]}}],"collection":[{"href":"https:\/\/sona.uy\/index.php\/wp-json\/wp\/v2\/pages"}],"about":[{"href":"https:\/\/sona.uy\/index.php\/wp-json\/wp\/v2\/types\/page"}],"author":[{"embeddable":true,"href":"https:\/\/sona.uy\/index.php\/wp-json\/wp\/v2\/users\/1"}],"replies":[{"embeddable":true,"href":"https:\/\/sona.uy\/index.php\/wp-json\/wp\/v2\/comments?post=21469"}],"version-history":[{"count":16,"href":"https:\/\/sona.uy\/index.php\/wp-json\/wp\/v2\/pages\/21469\/revisions"}],"predecessor-version":[{"id":21593,"href":"https:\/\/sona.uy\/index.php\/wp-json\/wp\/v2\/pages\/21469\/revisions\/21593"}],"wp:attachment":[{"href":"https:\/\/sona.uy\/index.php\/wp-json\/wp\/v2\/media?parent=21469"}],"curies":[{"name":"wp","href":"https:\/\/api.w.org\/{rel}","templated":true}]}}