{"id":21505,"date":"2025-05-13T21:19:37","date_gmt":"2025-05-13T21:19:37","guid":{"rendered":"https:\/\/sona.uy\/?page_id=21505"},"modified":"2025-05-14T13:24:58","modified_gmt":"2025-05-14T13:24:58","slug":"advance-xs","status":"publish","type":"page","link":"https:\/\/sona.uy\/index.php\/advance-xs\/","title":{"rendered":"Advance XS"},"content":{"rendered":"\t\t<div data-elementor-type=\"wp-page\" data-elementor-id=\"21505\" class=\"elementor elementor-21505\">\n\t\t\t\t<div class=\"elementor-element elementor-element-18e46918 e-grid e-con-boxed e-con e-parent\" data-id=\"18e46918\" data-element_type=\"container\">\n\t\t\t\t\t<div class=\"e-con-inner\">\n\t\t\t\t<div class=\"elementor-element elementor-element-2777996d elementor-widget elementor-widget-wd_text_block\" data-id=\"2777996d\" data-element_type=\"widget\" data-widget_type=\"wd_text_block.default\">\n\t\t\t\t<div class=\"elementor-widget-container\">\n\t\t\t\t\t\t\t<div class=\"wd-text-block reset-last-child text-left\">\n\t\t\t\n\t\t\t<h4 class=\"single-title\">Advance XS - Conexi\u00f3n conica hexagonal<\/h4><p>El sistema de implantes Advance\u00ae es una soluci\u00f3n vanguardista al alcance del odont\u00f3logo de hoy.<\/p><p>Su dise\u00f1o se ha realizado pensando en la eficiencia y sencillez de un sistema para todos los casos. Ideal para carga inmediata y protocolos convencionales, en todo tipo de huesos.<\/p><p>Advance\u00ae\ufe0f XS es una l\u00ednea de implantes estrechos de \u00d83.0 y \u00d83.30 que han sido pensados especificamente para soluciones cl\u00ednicas en el sector anteroinferior con espacio reducido y tipos de hueso I y II.<\/p><p>Cuenta con una conexi\u00f3n reducida de cono y hexagono y un cierre de implante-protesis desarrollado para lograr est\u00e9tica con facilidad. Toda la gama de componentes prot\u00e9ticos ha sido optimizada para otorgarle al profesional la soluci\u00f3n exacta para cada caso.<br \/>Desarrollamos nuestros productos pensando en la calidad y simplicidad, para que el profesional encuentre el implante indicado seg\u00fan el requerimiento de cada caso cl\u00ednico.<\/p><p>Advance\u00ae\ufe0f XS es tecnolog\u00eda e innovaci\u00f3n combinados para obtener resultados predecibles y exitosos.<\/p>\n\t\t\t\t\t<\/div>\n\t\t\t\t\t\t<\/div>\n\t\t\t\t<\/div>\n\t\t\t\t<div class=\"elementor-element elementor-element-20ec7d1 elementor-widget elementor-widget-image\" data-id=\"20ec7d1\" data-element_type=\"widget\" data-widget_type=\"image.default\">\n\t\t\t\t<div class=\"elementor-widget-container\">\n\t\t\t\t\t\t\t\t\t\t\t\t\t\t\t<img fetchpriority=\"high\" decoding=\"async\" width=\"529\" height=\"380\" src=\"https:\/\/sona.uy\/wp-content\/uploads\/2025\/05\/conexion.png\" class=\"attachment-large size-large wp-image-21520\" alt=\"\" srcset=\"https:\/\/sona.uy\/wp-content\/uploads\/2025\/05\/conexion.png 529w, https:\/\/sona.uy\/wp-content\/uploads\/2025\/05\/conexion-400x287.png 400w, https:\/\/sona.uy\/wp-content\/uploads\/2025\/05\/conexion-430x309.png 430w, https:\/\/sona.uy\/wp-content\/uploads\/2025\/05\/conexion-150x108.png 150w\" sizes=\"(max-width: 529px) 100vw, 529px\" \/>\t\t\t\t\t\t\t\t\t\t\t\t\t\t\t<\/div>\n\t\t\t\t<\/div>\n\t\t\t\t<div class=\"elementor-element elementor-element-33b163fb elementor-widget elementor-widget-wd_text_block\" data-id=\"33b163fb\" data-element_type=\"widget\" data-widget_type=\"wd_text_block.default\">\n\t\t\t\t<div class=\"elementor-widget-container\">\n\t\t\t\t\t\t\t<div class=\"wd-text-block reset-last-child text-left\">\n\t\t\t\n\t\t\t\n\t\t\t\t\t<\/div>\n\t\t\t\t\t\t<\/div>\n\t\t\t\t<\/div>\n\t\t\t\t\t<\/div>\n\t\t\t\t<\/div>\n\t\t<div class=\"elementor-element elementor-element-12684cca e-grid e-con-boxed e-con e-parent\" data-id=\"12684cca\" data-element_type=\"container\">\n\t\t\t\t\t<div class=\"e-con-inner\">\n\t\t\t\t<div class=\"elementor-element elementor-element-64d59232 elementor-position-top elementor-widget elementor-widget-image-box\" data-id=\"64d59232\" data-element_type=\"widget\" data-widget_type=\"image-box.default\">\n\t\t\t\t<div class=\"elementor-widget-container\">\n\t\t\t\t\t<div class=\"elementor-image-box-wrapper\"><figure class=\"elementor-image-box-img\"><img decoding=\"async\" width=\"320\" height=\"320\" src=\"https:\/\/sona.uy\/wp-content\/uploads\/2025\/05\/f-1.png\" class=\"attachment-full size-full wp-image-21443\" alt=\"\" srcset=\"https:\/\/sona.uy\/wp-content\/uploads\/2025\/05\/f-1.png 320w, https:\/\/sona.uy\/wp-content\/uploads\/2025\/05\/f-1-300x300.png 300w, https:\/\/sona.uy\/wp-content\/uploads\/2025\/05\/f-1-150x150.png 150w\" sizes=\"(max-width: 320px) 100vw, 320px\" \/><\/figure><div class=\"elementor-image-box-content\"><h3 class=\"elementor-image-box-title\">Platform switching<\/h3><p class=\"elementor-image-box-description\">Ayuda a minimizar la p\u00e9rdida \u00f3sea, reduciendo el pico de estr\u00e9s y preservando el hueso marginal.\n\n<\/p><\/div><\/div>\t\t\t\t<\/div>\n\t\t\t\t<\/div>\n\t\t\t\t<div class=\"elementor-element elementor-element-6e42dad elementor-position-top elementor-widget elementor-widget-image-box\" data-id=\"6e42dad\" data-element_type=\"widget\" data-widget_type=\"image-box.default\">\n\t\t\t\t<div class=\"elementor-widget-container\">\n\t\t\t\t\t<div class=\"elementor-image-box-wrapper\"><figure class=\"elementor-image-box-img\"><img decoding=\"async\" width=\"319\" height=\"333\" src=\"https:\/\/sona.uy\/wp-content\/uploads\/2025\/05\/f-2.png\" class=\"attachment-full size-full wp-image-21447\" alt=\"\" srcset=\"https:\/\/sona.uy\/wp-content\/uploads\/2025\/05\/f-2.png 319w, https:\/\/sona.uy\/wp-content\/uploads\/2025\/05\/f-2-287x300.png 287w, https:\/\/sona.uy\/wp-content\/uploads\/2025\/05\/f-2-150x157.png 150w\" sizes=\"(max-width: 319px) 100vw, 319px\" \/><\/figure><div class=\"elementor-image-box-content\"><h3 class=\"elementor-image-box-title\">Micro-roscas<\/h3><p class=\"elementor-image-box-description\">Aumentan la superficie de contacto con el hueso, disminuyendo la reabsorci\u00f3n de la cresta \u00f3sea marginal.\n\n\n\n<\/p><\/div><\/div>\t\t\t\t<\/div>\n\t\t\t\t<\/div>\n\t\t\t\t<div class=\"elementor-element elementor-element-71dc015 elementor-position-top elementor-widget elementor-widget-image-box\" data-id=\"71dc015\" data-element_type=\"widget\" data-widget_type=\"image-box.default\">\n\t\t\t\t<div class=\"elementor-widget-container\">\n\t\t\t\t\t<div class=\"elementor-image-box-wrapper\"><figure class=\"elementor-image-box-img\"><img loading=\"lazy\" decoding=\"async\" width=\"319\" height=\"319\" src=\"https:\/\/sona.uy\/wp-content\/uploads\/2025\/05\/f-3.png\" class=\"attachment-full size-full wp-image-21448\" alt=\"\" srcset=\"https:\/\/sona.uy\/wp-content\/uploads\/2025\/05\/f-3.png 319w, https:\/\/sona.uy\/wp-content\/uploads\/2025\/05\/f-3-300x300.png 300w, https:\/\/sona.uy\/wp-content\/uploads\/2025\/05\/f-3-150x150.png 150w\" sizes=\"(max-width: 319px) 100vw, 319px\" \/><\/figure><div class=\"elementor-image-box-content\"><h3 class=\"elementor-image-box-title\">Canal de corte<\/h3><p class=\"elementor-image-box-description\">Ayuda a la inserci\u00f3n del implante y reduce la presi\u00f3n en la zona cortical.\n\n\n\n<\/p><\/div><\/div>\t\t\t\t<\/div>\n\t\t\t\t<\/div>\n\t\t\t\t<div class=\"elementor-element elementor-element-63103a07 elementor-position-top elementor-widget elementor-widget-image-box\" data-id=\"63103a07\" data-element_type=\"widget\" data-widget_type=\"image-box.default\">\n\t\t\t\t<div class=\"elementor-widget-container\">\n\t\t\t\t\t<div class=\"elementor-image-box-wrapper\"><figure class=\"elementor-image-box-img\"><img loading=\"lazy\" decoding=\"async\" width=\"320\" height=\"331\" src=\"https:\/\/sona.uy\/wp-content\/uploads\/2025\/05\/f-4.png\" class=\"attachment-full size-full wp-image-21449\" alt=\"\" srcset=\"https:\/\/sona.uy\/wp-content\/uploads\/2025\/05\/f-4.png 320w, https:\/\/sona.uy\/wp-content\/uploads\/2025\/05\/f-4-290x300.png 290w, https:\/\/sona.uy\/wp-content\/uploads\/2025\/05\/f-4-150x155.png 150w\" sizes=\"(max-width: 320px) 100vw, 320px\" \/><\/figure><div class=\"elementor-image-box-content\"><h3 class=\"elementor-image-box-title\">Apice redondeado<\/h3><p class=\"elementor-image-box-description\">Reducci\u00f3n del estr\u00e9s \u00f3seo, lo que permite una inserci\u00f3n mas suave.\n<\/p><\/div><\/div>\t\t\t\t<\/div>\n\t\t\t\t<\/div>\n\t\t\t\t<div class=\"elementor-element elementor-element-174db5bf elementor-position-top elementor-widget elementor-widget-image-box\" data-id=\"174db5bf\" data-element_type=\"widget\" data-widget_type=\"image-box.default\">\n\t\t\t\t<div class=\"elementor-widget-container\">\n\t\t\t\t\t<div class=\"elementor-image-box-wrapper\"><figure class=\"elementor-image-box-img\"><img loading=\"lazy\" decoding=\"async\" width=\"320\" height=\"320\" src=\"https:\/\/sona.uy\/wp-content\/uploads\/2025\/05\/f-5.png\" class=\"attachment-full size-full wp-image-21450\" alt=\"\" srcset=\"https:\/\/sona.uy\/wp-content\/uploads\/2025\/05\/f-5.png 320w, https:\/\/sona.uy\/wp-content\/uploads\/2025\/05\/f-5-300x300.png 300w, https:\/\/sona.uy\/wp-content\/uploads\/2025\/05\/f-5-150x150.png 150w\" sizes=\"(max-width: 320px) 100vw, 320px\" \/><\/figure><div class=\"elementor-image-box-content\"><h3 class=\"elementor-image-box-title\">Dise\u00f1o c\u00f3nico<\/h3><p class=\"elementor-image-box-description\">El dise\u00f1o c\u00f3nico otorga una alta estabilidad primaria debido a la distribuci\u00f3n uniforme de cargas.\n\n<\/p><\/div><\/div>\t\t\t\t<\/div>\n\t\t\t\t<\/div>\n\t\t\t\t<div class=\"elementor-element elementor-element-1cd8a351 elementor-position-top elementor-widget elementor-widget-image-box\" data-id=\"1cd8a351\" data-element_type=\"widget\" data-widget_type=\"image-box.default\">\n\t\t\t\t<div class=\"elementor-widget-container\">\n\t\t\t\t\t<div class=\"elementor-image-box-wrapper\"><figure class=\"elementor-image-box-img\"><img loading=\"lazy\" decoding=\"async\" width=\"320\" height=\"320\" src=\"https:\/\/sona.uy\/wp-content\/uploads\/2025\/05\/f-6.png\" class=\"attachment-full size-full wp-image-21451\" alt=\"\" srcset=\"https:\/\/sona.uy\/wp-content\/uploads\/2025\/05\/f-6.png 320w, https:\/\/sona.uy\/wp-content\/uploads\/2025\/05\/f-6-300x300.png 300w, https:\/\/sona.uy\/wp-content\/uploads\/2025\/05\/f-6-150x150.png 150w\" sizes=\"(max-width: 320px) 100vw, 320px\" \/><\/figure><div class=\"elementor-image-box-content\"><h3 class=\"elementor-image-box-title\">Rosca de doble hilo<\/h3><p class=\"elementor-image-box-description\">El dise\u00f1o de doble hilo reducir\u00e1 el tiempo de inserci\u00f3n. Ideal para huesos tipo III y IV.\n\n\n\n<\/p><\/div><\/div>\t\t\t\t<\/div>\n\t\t\t\t<\/div>\n\t\t\t\t\t<\/div>\n\t\t\t\t<\/div>\n\t\t<div class=\"elementor-element elementor-element-c7f1b98 e-flex e-con-boxed e-con e-parent\" data-id=\"c7f1b98\" data-element_type=\"container\">\n\t\t\t\t\t<div class=\"e-con-inner\">\n\t\t<div class=\"elementor-element elementor-element-15196f8 e-con-full e-flex e-con e-child\" data-id=\"15196f8\" data-element_type=\"container\">\n\t\t\t\t<div class=\"elementor-element elementor-element-be6621c elementor-widget elementor-widget-wd_text_block\" data-id=\"be6621c\" data-element_type=\"widget\" data-widget_type=\"wd_text_block.default\">\n\t\t\t\t<div class=\"elementor-widget-container\">\n\t\t\t\t\t\t\t<div class=\"wd-text-block reset-last-child text-left\">\n\t\t\t\n\t\t\t<h3 class=\"single-title\">Informaci\u00f3n t\u00e9cnica<\/h3>\n\t\t\t\t\t<\/div>\n\t\t\t\t\t\t<\/div>\n\t\t\t\t<\/div>\n\t\t\t\t<\/div>\n\t\t<div class=\"elementor-element elementor-element-918a87b e-con-full e-flex e-con e-child\" data-id=\"918a87b\" data-element_type=\"container\">\n\t\t\t\t<div class=\"elementor-element elementor-element-ca1b7d9 elementor-widget elementor-widget-wd_tabs\" data-id=\"ca1b7d9\" data-element_type=\"widget\" data-widget_type=\"wd_tabs.default\">\n\t\t\t\t<div class=\"elementor-widget-container\">\n\t\t\t\t\t\t\t<div class=\"wd-tabs tabs-design-default\">\n\t\t\t<div class=\"wd-tabs-header text-center\">\n\t\t\t\t\n\t\t\t\t\n\t\t\t\t<div class=\"wd-nav-wrapper wd-nav-tabs-wrapper\">\n\t\t\t\t\t<ul class=\"wd-nav wd-nav-tabs wd-icon-pos-left wd-style-default\">\n\t\t\t\t\t\t\t\t\t\t\t\t\t\n\t\t\t\t\t\t\t<li>\n\t\t\t\t\t\t\t\t<a href=\"#\" class=\"wd-nav-link\">\n\t\t\t\t\t\t\t\t\t\n\t\t\t\t\t\t\t\t\t<span class=\"nav-link-text wd-tabs-title\">\n\t\t\t\t\t\t\t\t\t\tMedidas \t\t\t\t\t\t\t\t\t<\/span>\n\t\t\t\t\t\t\t\t<\/a>\n\t\t\t\t\t\t\t<\/li>\n\n\t\t\t\t\t\t\t\t\t\t\t\t\t\n\t\t\t\t\t\t\t<li>\n\t\t\t\t\t\t\t\t<a href=\"#\" class=\"wd-nav-link\">\n\t\t\t\t\t\t\t\t\t\n\t\t\t\t\t\t\t\t\t<span class=\"nav-link-text wd-tabs-title\">\n\t\t\t\t\t\t\t\t\t\tMaterial \t\t\t\t\t\t\t\t\t<\/span>\n\t\t\t\t\t\t\t\t<\/a>\n\t\t\t\t\t\t\t<\/li>\n\n\t\t\t\t\t\t\t\t\t\t\t\t\t\n\t\t\t\t\t\t\t<li>\n\t\t\t\t\t\t\t\t<a href=\"#\" class=\"wd-nav-link\">\n\t\t\t\t\t\t\t\t\t\n\t\t\t\t\t\t\t\t\t<span class=\"nav-link-text wd-tabs-title\">\n\t\t\t\t\t\t\t\t\t\tPackaging\t\t\t\t\t\t\t\t\t<\/span>\n\t\t\t\t\t\t\t\t<\/a>\n\t\t\t\t\t\t\t<\/li>\n\n\t\t\t\t\t\t\t\t\t\t\t\t\t\n\t\t\t\t\t\t\t<li>\n\t\t\t\t\t\t\t\t<a href=\"#\" class=\"wd-nav-link\">\n\t\t\t\t\t\t\t\t\t\n\t\t\t\t\t\t\t\t\t<span class=\"nav-link-text wd-tabs-title\">\n\t\t\t\t\t\t\t\t\t\tProtocolo de fresado\t\t\t\t\t\t\t\t\t<\/span>\n\t\t\t\t\t\t\t\t<\/a>\n\t\t\t\t\t\t\t<\/li>\n\n\t\t\t\t\t\t\t\t\t\t\t<\/ul>\n\t\t\t\t<\/div>\n\t\t\t<\/div>\n\n\t\t\t<div class=\"wd-tab-content-wrapper\">\n\t\t\t\t\t\t\t\t\t\t\t\t\t\t\n\t\t\t\t\t\n\t\t\t\t\t<div class=\"wd-tab-content wd-active wd-in\">\n\t\t\t\t\t\t\t\t\t\t\t\t\t<div >\n\t\t\t\t\t\t\t\t<p><a href=\"https:\/\/sona.uy\/wp-content\/uploads\/2025\/05\/medidas-1.jpg\"><img loading=\"lazy\" decoding=\"async\" class=\"aligncenter wp-image-21529 size-full\" src=\"https:\/\/sona.uy\/wp-content\/uploads\/2025\/05\/medidas-1.jpg\" alt=\"\" width=\"1200\" height=\"836\" srcset=\"https:\/\/sona.uy\/wp-content\/uploads\/2025\/05\/medidas-1.jpg 1200w, https:\/\/sona.uy\/wp-content\/uploads\/2025\/05\/medidas-1-400x279.jpg 400w, https:\/\/sona.uy\/wp-content\/uploads\/2025\/05\/medidas-1-1148x800.jpg 1148w, https:\/\/sona.uy\/wp-content\/uploads\/2025\/05\/medidas-1-768x535.jpg 768w, https:\/\/sona.uy\/wp-content\/uploads\/2025\/05\/medidas-1-430x300.jpg 430w, https:\/\/sona.uy\/wp-content\/uploads\/2025\/05\/medidas-1-700x488.jpg 700w, https:\/\/sona.uy\/wp-content\/uploads\/2025\/05\/medidas-1-150x105.jpg 150w\" sizes=\"(max-width: 1200px) 100vw, 1200px\" \/><\/a><\/p>\t\t\t\t\t\t\t<\/div>\n\t\t\t\t\t\t\t\t\t\t\t<\/div>\n\n\t\t\t\t\t\t\t\t\t\t\t\t\t\t\n\t\t\t\t\t\n\t\t\t\t\t<div class=\"wd-tab-content\">\n\t\t\t\t\t\t\t\t\t\t\t\t\t<div >\n\t\t\t\t\t\t\t\t<h4>Titanio Grado IV (Ti 6Al-4V ELI)<\/h4><p>Utilizamos materia prima enriquecida por medio de la tecnolog\u00eda Cold Working, aumentando en un 47% la resistencia mec\u00e1nica del Titanio y, as\u00edmismo, elevando la confianza en el producto.<\/p><p>- Alta resistencia a la deformaci\u00f3n y fractura<br \/>- Gran capacidad de osteointegraci\u00f3n dentro del cuerpo humano<br \/>- Alta tenacidad con formabilidad moderada<br \/>- Origen: E.E.U.U.<br \/>- Trabajado en Fr\u00edo<\/p>\t\t\t\t\t\t\t<\/div>\n\t\t\t\t\t\t\t\t\t\t\t<\/div>\n\n\t\t\t\t\t\t\t\t\t\t\t\t\t\t\n\t\t\t\t\t\n\t\t\t\t\t<div class=\"wd-tab-content\">\n\t\t\t\t\t\t\t\t\t\t\t\t\t<div >\n\t\t\t\t\t\t\t\t<p><a href=\"https:\/\/sona.uy\/wp-content\/uploads\/2025\/05\/packaging-2.jpg\"><img loading=\"lazy\" decoding=\"async\" class=\"aligncenter wp-image-21530 size-full\" src=\"https:\/\/sona.uy\/wp-content\/uploads\/2025\/05\/packaging-2.jpg\" alt=\"\" width=\"1200\" height=\"624\" srcset=\"https:\/\/sona.uy\/wp-content\/uploads\/2025\/05\/packaging-2.jpg 1200w, https:\/\/sona.uy\/wp-content\/uploads\/2025\/05\/packaging-2-400x208.jpg 400w, https:\/\/sona.uy\/wp-content\/uploads\/2025\/05\/packaging-2-768x399.jpg 768w, https:\/\/sona.uy\/wp-content\/uploads\/2025\/05\/packaging-2-430x224.jpg 430w, https:\/\/sona.uy\/wp-content\/uploads\/2025\/05\/packaging-2-700x364.jpg 700w, https:\/\/sona.uy\/wp-content\/uploads\/2025\/05\/packaging-2-150x78.jpg 150w\" sizes=\"(max-width: 1200px) 100vw, 1200px\" \/><\/a><\/p>\t\t\t\t\t\t\t<\/div>\n\t\t\t\t\t\t\t\t\t\t\t<\/div>\n\n\t\t\t\t\t\t\t\t\t\t\t\t\t\t\n\t\t\t\t\t\n\t\t\t\t\t<div class=\"wd-tab-content\">\n\t\t\t\t\t\t\t\t\t\t\t\t\t<div >\n\t\t\t\t\t\t\t\t<p><a href=\"https:\/\/sona.uy\/wp-content\/uploads\/2025\/05\/protocolo-1.png\"><img loading=\"lazy\" decoding=\"async\" class=\"aligncenter wp-image-21531 size-full\" src=\"https:\/\/sona.uy\/wp-content\/uploads\/2025\/05\/protocolo-1.png\" alt=\"\" width=\"1063\" height=\"768\" srcset=\"https:\/\/sona.uy\/wp-content\/uploads\/2025\/05\/protocolo-1.png 1063w, https:\/\/sona.uy\/wp-content\/uploads\/2025\/05\/protocolo-1-400x289.png 400w, https:\/\/sona.uy\/wp-content\/uploads\/2025\/05\/protocolo-1-768x555.png 768w, https:\/\/sona.uy\/wp-content\/uploads\/2025\/05\/protocolo-1-430x311.png 430w, https:\/\/sona.uy\/wp-content\/uploads\/2025\/05\/protocolo-1-700x506.png 700w, https:\/\/sona.uy\/wp-content\/uploads\/2025\/05\/protocolo-1-150x108.png 150w\" sizes=\"(max-width: 1063px) 100vw, 1063px\" \/><\/a><\/p>\t\t\t\t\t\t\t<\/div>\n\t\t\t\t\t\t\t\t\t\t\t<\/div>\n\n\t\t\t\t\t\t\t<\/div>\n\t\t<\/div>\n\t\t\t\t\t\t<\/div>\n\t\t\t\t<\/div>\n\t\t\t\t<\/div>\n\t\t\t\t\t<\/div>\n\t\t\t\t<\/div>\n\t\t\t\t<\/div>\n\t\t","protected":false},"excerpt":{"rendered":"<p>Advance XS &#8211; Conexi\u00f3n conica hexagonal El sistema de implantes Advance\u00ae es una soluci\u00f3n vanguardista al alcance del odont\u00f3logo de<\/p>\n","protected":false},"author":1,"featured_media":0,"parent":0,"menu_order":0,"comment_status":"closed","ping_status":"closed","template":"","meta":{"om_disable_all_campaigns":false,"_monsterinsights_skip_tracking":false,"_monsterinsights_sitenote_active":false,"_monsterinsights_sitenote_note":"","_monsterinsights_sitenote_category":0,"footnotes":""},"class_list":["post-21505","page","type-page","status-publish","hentry"],"aioseo_notices":[],"_links":{"self":[{"href":"https:\/\/sona.uy\/index.php\/wp-json\/wp\/v2\/pages\/21505","targetHints":{"allow":["GET"]}}],"collection":[{"href":"https:\/\/sona.uy\/index.php\/wp-json\/wp\/v2\/pages"}],"about":[{"href":"https:\/\/sona.uy\/index.php\/wp-json\/wp\/v2\/types\/page"}],"author":[{"embeddable":true,"href":"https:\/\/sona.uy\/index.php\/wp-json\/wp\/v2\/users\/1"}],"replies":[{"embeddable":true,"href":"https:\/\/sona.uy\/index.php\/wp-json\/wp\/v2\/comments?post=21505"}],"version-history":[{"count":19,"href":"https:\/\/sona.uy\/index.php\/wp-json\/wp\/v2\/pages\/21505\/revisions"}],"predecessor-version":[{"id":21596,"href":"https:\/\/sona.uy\/index.php\/wp-json\/wp\/v2\/pages\/21505\/revisions\/21596"}],"wp:attachment":[{"href":"https:\/\/sona.uy\/index.php\/wp-json\/wp\/v2\/media?parent=21505"}],"curies":[{"name":"wp","href":"https:\/\/api.w.org\/{rel}","templated":true}]}}