{"id":21556,"date":"2025-05-14T03:28:41","date_gmt":"2025-05-14T03:28:41","guid":{"rendered":"https:\/\/sona.uy\/?page_id=21556"},"modified":"2025-05-14T13:29:37","modified_gmt":"2025-05-14T13:29:37","slug":"advance-cc","status":"publish","type":"page","link":"https:\/\/sona.uy\/index.php\/advance-cc\/","title":{"rendered":"Advance CC"},"content":{"rendered":"\t\t<div data-elementor-type=\"wp-page\" data-elementor-id=\"21556\" class=\"elementor elementor-21556\">\n\t\t\t\t<div class=\"elementor-element elementor-element-6833def9 e-flex e-con-boxed e-con e-parent\" data-id=\"6833def9\" data-element_type=\"container\">\n\t\t\t\t\t<div class=\"e-con-inner\">\n\t\t\t\t<div class=\"elementor-element elementor-element-160d756b elementor-widget elementor-widget-wd_text_block\" data-id=\"160d756b\" data-element_type=\"widget\" data-widget_type=\"wd_text_block.default\">\n\t\t\t\t<div class=\"elementor-widget-container\">\n\t\t\t\t\t\t\t<div class=\"wd-text-block reset-last-child text-left\">\n\t\t\t\n\t\t\t<h4 class=\"single-title\">Advance CC - Conexi\u00f3n c\u00f3nica<\/h4><p>El sistema de implantes Advance\u00ae CC (concecci\u00f3n c\u00f3nica) es una soluci\u00f3n vanguardista al alcance del odont\u00f3logo de hoy.<\/p><p>Su dise\u00f1o se ha realizado pensando en la eficiencia y sencillez de un sistema para todos los casos. Desde colocaci\u00f3n y carga inmediata hasta protocolos convencionales, ideal para huesos tipo III y IV.<\/p><p>Cuenta con una conexi\u00f3n reducida de cono y hexagono y un cierre de implante-protesis desarrollado para lograr est\u00e9tica con facilidad. Toda la gama de componentes prot\u00e9ticos ha sido optimizada para otorgarle al profesional la soluci\u00f3n exacta para cada caso.<\/p><p>Desarrollamos nuestros productos pensando en la calidad y simplicidad, para que el profesional encuentre el implante indicado seg\u00fan el requerimiento de cada caso cl\u00ednico.<\/p><p>Advance\u00ae\ufe0f CC es tecnolog\u00eda e innovaci\u00f3n combinados para obtener resultados predecibles y exitosos.<\/p>\n\t\t\t\t\t<\/div>\n\t\t\t\t\t\t<\/div>\n\t\t\t\t<\/div>\n\t\t\t\t\t<\/div>\n\t\t\t\t<\/div>\n\t\t<div class=\"elementor-element elementor-element-121fc4d8 e-grid e-con-boxed e-con e-parent\" data-id=\"121fc4d8\" data-element_type=\"container\">\n\t\t\t\t\t<div class=\"e-con-inner\">\n\t\t\t\t<div class=\"elementor-element elementor-element-22f65756 elementor-position-top elementor-widget elementor-widget-image-box\" data-id=\"22f65756\" data-element_type=\"widget\" data-widget_type=\"image-box.default\">\n\t\t\t\t<div class=\"elementor-widget-container\">\n\t\t\t\t\t<div class=\"elementor-image-box-wrapper\"><figure class=\"elementor-image-box-img\"><img fetchpriority=\"high\" decoding=\"async\" width=\"320\" height=\"320\" src=\"https:\/\/sona.uy\/wp-content\/uploads\/2025\/05\/f-1.png\" class=\"attachment-full size-full wp-image-21443\" alt=\"\" srcset=\"https:\/\/sona.uy\/wp-content\/uploads\/2025\/05\/f-1.png 320w, https:\/\/sona.uy\/wp-content\/uploads\/2025\/05\/f-1-300x300.png 300w, https:\/\/sona.uy\/wp-content\/uploads\/2025\/05\/f-1-150x150.png 150w\" sizes=\"(max-width: 320px) 100vw, 320px\" \/><\/figure><div class=\"elementor-image-box-content\"><h3 class=\"elementor-image-box-title\">Platform switching<\/h3><p class=\"elementor-image-box-description\">Ayuda a minimizar la p\u00e9rdida \u00f3sea, reduciendo el pico de estr\u00e9s y preservando el hueso marginal.\n\n<\/p><\/div><\/div>\t\t\t\t<\/div>\n\t\t\t\t<\/div>\n\t\t\t\t<div class=\"elementor-element elementor-element-17e2b1d6 elementor-position-top elementor-widget elementor-widget-image-box\" data-id=\"17e2b1d6\" data-element_type=\"widget\" data-widget_type=\"image-box.default\">\n\t\t\t\t<div class=\"elementor-widget-container\">\n\t\t\t\t\t<div class=\"elementor-image-box-wrapper\"><figure class=\"elementor-image-box-img\"><img decoding=\"async\" width=\"319\" height=\"333\" src=\"https:\/\/sona.uy\/wp-content\/uploads\/2025\/05\/f-2.png\" class=\"attachment-full size-full wp-image-21447\" alt=\"\" srcset=\"https:\/\/sona.uy\/wp-content\/uploads\/2025\/05\/f-2.png 319w, https:\/\/sona.uy\/wp-content\/uploads\/2025\/05\/f-2-287x300.png 287w, https:\/\/sona.uy\/wp-content\/uploads\/2025\/05\/f-2-150x157.png 150w\" sizes=\"(max-width: 319px) 100vw, 319px\" \/><\/figure><div class=\"elementor-image-box-content\"><h3 class=\"elementor-image-box-title\">Micro-roscas<\/h3><p class=\"elementor-image-box-description\">Aumentan la superficie de contacto con el hueso, disminuyendo la reabsorci\u00f3n de la cresta \u00f3sea marginal.\n\n\n\n<\/p><\/div><\/div>\t\t\t\t<\/div>\n\t\t\t\t<\/div>\n\t\t\t\t<div class=\"elementor-element elementor-element-41e92727 elementor-position-top elementor-widget elementor-widget-image-box\" data-id=\"41e92727\" data-element_type=\"widget\" data-widget_type=\"image-box.default\">\n\t\t\t\t<div class=\"elementor-widget-container\">\n\t\t\t\t\t<div class=\"elementor-image-box-wrapper\"><figure class=\"elementor-image-box-img\"><img decoding=\"async\" width=\"319\" height=\"319\" src=\"https:\/\/sona.uy\/wp-content\/uploads\/2025\/05\/f-3.png\" class=\"attachment-full size-full wp-image-21448\" alt=\"\" srcset=\"https:\/\/sona.uy\/wp-content\/uploads\/2025\/05\/f-3.png 319w, https:\/\/sona.uy\/wp-content\/uploads\/2025\/05\/f-3-300x300.png 300w, https:\/\/sona.uy\/wp-content\/uploads\/2025\/05\/f-3-150x150.png 150w\" sizes=\"(max-width: 319px) 100vw, 319px\" \/><\/figure><div class=\"elementor-image-box-content\"><h3 class=\"elementor-image-box-title\">Canal de corte<\/h3><p class=\"elementor-image-box-description\">Ayuda a la inserci\u00f3n del implante y reduce la presi\u00f3n en la zona cortical.\n\n\n\n<\/p><\/div><\/div>\t\t\t\t<\/div>\n\t\t\t\t<\/div>\n\t\t\t\t<div class=\"elementor-element elementor-element-64050fd2 elementor-position-top elementor-widget elementor-widget-image-box\" data-id=\"64050fd2\" data-element_type=\"widget\" data-widget_type=\"image-box.default\">\n\t\t\t\t<div class=\"elementor-widget-container\">\n\t\t\t\t\t<div class=\"elementor-image-box-wrapper\"><figure class=\"elementor-image-box-img\"><img loading=\"lazy\" decoding=\"async\" width=\"320\" height=\"331\" src=\"https:\/\/sona.uy\/wp-content\/uploads\/2025\/05\/f-4.png\" class=\"attachment-full size-full wp-image-21449\" alt=\"\" srcset=\"https:\/\/sona.uy\/wp-content\/uploads\/2025\/05\/f-4.png 320w, https:\/\/sona.uy\/wp-content\/uploads\/2025\/05\/f-4-290x300.png 290w, https:\/\/sona.uy\/wp-content\/uploads\/2025\/05\/f-4-150x155.png 150w\" sizes=\"(max-width: 320px) 100vw, 320px\" \/><\/figure><div class=\"elementor-image-box-content\"><h3 class=\"elementor-image-box-title\">Apice redondeado<\/h3><p class=\"elementor-image-box-description\">Reducci\u00f3n del estr\u00e9s \u00f3seo, lo que permite una inserci\u00f3n mas suave.\n<\/p><\/div><\/div>\t\t\t\t<\/div>\n\t\t\t\t<\/div>\n\t\t\t\t<div class=\"elementor-element elementor-element-59dd538c elementor-position-top elementor-widget elementor-widget-image-box\" data-id=\"59dd538c\" data-element_type=\"widget\" data-widget_type=\"image-box.default\">\n\t\t\t\t<div class=\"elementor-widget-container\">\n\t\t\t\t\t<div class=\"elementor-image-box-wrapper\"><figure class=\"elementor-image-box-img\"><img loading=\"lazy\" decoding=\"async\" width=\"320\" height=\"320\" src=\"https:\/\/sona.uy\/wp-content\/uploads\/2025\/05\/f-5.png\" class=\"attachment-full size-full wp-image-21450\" alt=\"\" srcset=\"https:\/\/sona.uy\/wp-content\/uploads\/2025\/05\/f-5.png 320w, https:\/\/sona.uy\/wp-content\/uploads\/2025\/05\/f-5-300x300.png 300w, https:\/\/sona.uy\/wp-content\/uploads\/2025\/05\/f-5-150x150.png 150w\" sizes=\"(max-width: 320px) 100vw, 320px\" \/><\/figure><div class=\"elementor-image-box-content\"><h3 class=\"elementor-image-box-title\">Dise\u00f1o c\u00f3nico<\/h3><p class=\"elementor-image-box-description\">El dise\u00f1o c\u00f3nico otorga una alta estabilidad primaria debido a la distribuci\u00f3n uniforme de cargas.\n\n<\/p><\/div><\/div>\t\t\t\t<\/div>\n\t\t\t\t<\/div>\n\t\t\t\t<div class=\"elementor-element elementor-element-7eee81e elementor-position-top elementor-widget elementor-widget-image-box\" data-id=\"7eee81e\" data-element_type=\"widget\" data-widget_type=\"image-box.default\">\n\t\t\t\t<div class=\"elementor-widget-container\">\n\t\t\t\t\t<div class=\"elementor-image-box-wrapper\"><figure class=\"elementor-image-box-img\"><img loading=\"lazy\" decoding=\"async\" width=\"320\" height=\"320\" src=\"https:\/\/sona.uy\/wp-content\/uploads\/2025\/05\/f-6.png\" class=\"attachment-full size-full wp-image-21451\" alt=\"\" srcset=\"https:\/\/sona.uy\/wp-content\/uploads\/2025\/05\/f-6.png 320w, https:\/\/sona.uy\/wp-content\/uploads\/2025\/05\/f-6-300x300.png 300w, https:\/\/sona.uy\/wp-content\/uploads\/2025\/05\/f-6-150x150.png 150w\" sizes=\"(max-width: 320px) 100vw, 320px\" \/><\/figure><div class=\"elementor-image-box-content\"><h3 class=\"elementor-image-box-title\">Rosca de doble hilo<\/h3><p class=\"elementor-image-box-description\">El dise\u00f1o de doble hilo reducir\u00e1 el tiempo de inserci\u00f3n. Ideal para huesos tipo III y IV.\n\n\n\n<\/p><\/div><\/div>\t\t\t\t<\/div>\n\t\t\t\t<\/div>\n\t\t\t\t\t<\/div>\n\t\t\t\t<\/div>\n\t\t<div class=\"elementor-element elementor-element-4206780c e-flex e-con-boxed e-con e-parent\" data-id=\"4206780c\" data-element_type=\"container\">\n\t\t\t\t\t<div class=\"e-con-inner\">\n\t\t\t\t<div class=\"elementor-element elementor-element-3b7623fe elementor-widget elementor-widget-wd_text_block\" data-id=\"3b7623fe\" data-element_type=\"widget\" data-widget_type=\"wd_text_block.default\">\n\t\t\t\t<div class=\"elementor-widget-container\">\n\t\t\t\t\t\t\t<div class=\"wd-text-block reset-last-child text-left\">\n\t\t\t\n\t\t\t<h4>Informaci\u00f3n t\u00e9cnica<\/h4>\n\t\t\t\t\t<\/div>\n\t\t\t\t\t\t<\/div>\n\t\t\t\t<\/div>\n\t\t\t\t<div class=\"elementor-element elementor-element-3694c4cb elementor-widget elementor-widget-wd_tabs\" data-id=\"3694c4cb\" data-element_type=\"widget\" data-widget_type=\"wd_tabs.default\">\n\t\t\t\t<div class=\"elementor-widget-container\">\n\t\t\t\t\t\t\t<div class=\"wd-tabs tabs-design-default\">\n\t\t\t<div class=\"wd-tabs-header text-center\">\n\t\t\t\t\n\t\t\t\t\n\t\t\t\t<div class=\"wd-nav-wrapper wd-nav-tabs-wrapper\">\n\t\t\t\t\t<ul class=\"wd-nav wd-nav-tabs wd-icon-pos-left wd-style-default\">\n\t\t\t\t\t\t\t\t\t\t\t\t\t\n\t\t\t\t\t\t\t<li>\n\t\t\t\t\t\t\t\t<a href=\"#\" class=\"wd-nav-link\">\n\t\t\t\t\t\t\t\t\t\n\t\t\t\t\t\t\t\t\t<span class=\"nav-link-text wd-tabs-title\">\n\t\t\t\t\t\t\t\t\t\tMedidas \t\t\t\t\t\t\t\t\t<\/span>\n\t\t\t\t\t\t\t\t<\/a>\n\t\t\t\t\t\t\t<\/li>\n\n\t\t\t\t\t\t\t\t\t\t\t\t\t\n\t\t\t\t\t\t\t<li>\n\t\t\t\t\t\t\t\t<a href=\"#\" class=\"wd-nav-link\">\n\t\t\t\t\t\t\t\t\t\n\t\t\t\t\t\t\t\t\t<span class=\"nav-link-text wd-tabs-title\">\n\t\t\t\t\t\t\t\t\t\tMaterial \t\t\t\t\t\t\t\t\t<\/span>\n\t\t\t\t\t\t\t\t<\/a>\n\t\t\t\t\t\t\t<\/li>\n\n\t\t\t\t\t\t\t\t\t\t\t\t\t\n\t\t\t\t\t\t\t<li>\n\t\t\t\t\t\t\t\t<a href=\"#\" class=\"wd-nav-link\">\n\t\t\t\t\t\t\t\t\t\n\t\t\t\t\t\t\t\t\t<span class=\"nav-link-text wd-tabs-title\">\n\t\t\t\t\t\t\t\t\t\tPackaging\t\t\t\t\t\t\t\t\t<\/span>\n\t\t\t\t\t\t\t\t<\/a>\n\t\t\t\t\t\t\t<\/li>\n\n\t\t\t\t\t\t\t\t\t\t\t\t\t\n\t\t\t\t\t\t\t<li>\n\t\t\t\t\t\t\t\t<a href=\"#\" class=\"wd-nav-link\">\n\t\t\t\t\t\t\t\t\t\n\t\t\t\t\t\t\t\t\t<span class=\"nav-link-text wd-tabs-title\">\n\t\t\t\t\t\t\t\t\t\tProtocolo de fresado\t\t\t\t\t\t\t\t\t<\/span>\n\t\t\t\t\t\t\t\t<\/a>\n\t\t\t\t\t\t\t<\/li>\n\n\t\t\t\t\t\t\t\t\t\t\t<\/ul>\n\t\t\t\t<\/div>\n\t\t\t<\/div>\n\n\t\t\t<div class=\"wd-tab-content-wrapper\">\n\t\t\t\t\t\t\t\t\t\t\t\t\t\t\n\t\t\t\t\t\n\t\t\t\t\t<div class=\"wd-tab-content wd-active wd-in\">\n\t\t\t\t\t\t\t\t\t\t\t\t\t<div >\n\t\t\t\t\t\t\t\t<p><a href=\"https:\/\/sona.uy\/wp-content\/uploads\/2025\/05\/medidas-3.jpg\"><img loading=\"lazy\" decoding=\"async\" class=\"aligncenter wp-image-21563 size-full\" src=\"https:\/\/sona.uy\/wp-content\/uploads\/2025\/05\/medidas-3.jpg\" alt=\"\" width=\"1400\" height=\"1115\" srcset=\"https:\/\/sona.uy\/wp-content\/uploads\/2025\/05\/medidas-3.jpg 1400w, https:\/\/sona.uy\/wp-content\/uploads\/2025\/05\/medidas-3-377x300.jpg 377w, https:\/\/sona.uy\/wp-content\/uploads\/2025\/05\/medidas-3-1004x800.jpg 1004w, https:\/\/sona.uy\/wp-content\/uploads\/2025\/05\/medidas-3-768x612.jpg 768w, https:\/\/sona.uy\/wp-content\/uploads\/2025\/05\/medidas-3-430x342.jpg 430w, https:\/\/sona.uy\/wp-content\/uploads\/2025\/05\/medidas-3-700x558.jpg 700w, https:\/\/sona.uy\/wp-content\/uploads\/2025\/05\/medidas-3-150x119.jpg 150w\" sizes=\"(max-width: 1400px) 100vw, 1400px\" \/><\/a><\/p>\t\t\t\t\t\t\t<\/div>\n\t\t\t\t\t\t\t\t\t\t\t<\/div>\n\n\t\t\t\t\t\t\t\t\t\t\t\t\t\t\n\t\t\t\t\t\n\t\t\t\t\t<div class=\"wd-tab-content\">\n\t\t\t\t\t\t\t\t\t\t\t\t\t<div >\n\t\t\t\t\t\t\t\t<h4>Titanio Grado IV (Ti 6Al-4V ELI)<\/h4><p>Utilizamos materia prima enriquecida por medio de la tecnolog\u00eda Cold Working, aumentando en un 47% la resistencia mec\u00e1nica del Titanio y, as\u00edmismo, elevando la confianza en el producto.<\/p><p>- Alta resistencia a la deformaci\u00f3n y fractura<br \/>- Gran capacidad de osteointegraci\u00f3n dentro del cuerpo humano<br \/>- Alta tenacidad con formabilidad moderada<br \/>- Origen: E.E.U.U.<br \/>- Trabajado en Fr\u00edo<\/p>\t\t\t\t\t\t\t<\/div>\n\t\t\t\t\t\t\t\t\t\t\t<\/div>\n\n\t\t\t\t\t\t\t\t\t\t\t\t\t\t\n\t\t\t\t\t\n\t\t\t\t\t<div class=\"wd-tab-content\">\n\t\t\t\t\t\t\t\t\t\t\t\t\t<div >\n\t\t\t\t\t\t\t\t<p><a href=\"https:\/\/sona.uy\/wp-content\/uploads\/2025\/05\/packaging-4.jpg\"><img loading=\"lazy\" decoding=\"async\" class=\"aligncenter wp-image-21564 size-full\" src=\"https:\/\/sona.uy\/wp-content\/uploads\/2025\/05\/packaging-4.jpg\" alt=\"\" width=\"1200\" height=\"624\" srcset=\"https:\/\/sona.uy\/wp-content\/uploads\/2025\/05\/packaging-4.jpg 1200w, https:\/\/sona.uy\/wp-content\/uploads\/2025\/05\/packaging-4-400x208.jpg 400w, https:\/\/sona.uy\/wp-content\/uploads\/2025\/05\/packaging-4-768x399.jpg 768w, https:\/\/sona.uy\/wp-content\/uploads\/2025\/05\/packaging-4-430x224.jpg 430w, https:\/\/sona.uy\/wp-content\/uploads\/2025\/05\/packaging-4-700x364.jpg 700w, https:\/\/sona.uy\/wp-content\/uploads\/2025\/05\/packaging-4-150x78.jpg 150w\" sizes=\"(max-width: 1200px) 100vw, 1200px\" \/><\/a><\/p>\t\t\t\t\t\t\t<\/div>\n\t\t\t\t\t\t\t\t\t\t\t<\/div>\n\n\t\t\t\t\t\t\t\t\t\t\t\t\t\t\n\t\t\t\t\t\n\t\t\t\t\t<div class=\"wd-tab-content\">\n\t\t\t\t\t\t\t\t\t\t\t\t\t<div >\n\t\t\t\t\t\t\t\t<p><a href=\"https:\/\/sona.uy\/wp-content\/uploads\/2025\/05\/protocolo-3.png\"><img loading=\"lazy\" decoding=\"async\" class=\"aligncenter wp-image-21565 size-full\" src=\"https:\/\/sona.uy\/wp-content\/uploads\/2025\/05\/protocolo-3.png\" alt=\"\" width=\"1063\" height=\"768\" srcset=\"https:\/\/sona.uy\/wp-content\/uploads\/2025\/05\/protocolo-3.png 1063w, https:\/\/sona.uy\/wp-content\/uploads\/2025\/05\/protocolo-3-400x289.png 400w, https:\/\/sona.uy\/wp-content\/uploads\/2025\/05\/protocolo-3-768x555.png 768w, https:\/\/sona.uy\/wp-content\/uploads\/2025\/05\/protocolo-3-430x311.png 430w, https:\/\/sona.uy\/wp-content\/uploads\/2025\/05\/protocolo-3-700x506.png 700w, https:\/\/sona.uy\/wp-content\/uploads\/2025\/05\/protocolo-3-150x108.png 150w\" sizes=\"(max-width: 1063px) 100vw, 1063px\" \/><\/a><\/p>\t\t\t\t\t\t\t<\/div>\n\t\t\t\t\t\t\t\t\t\t\t<\/div>\n\n\t\t\t\t\t\t\t<\/div>\n\t\t<\/div>\n\t\t\t\t\t\t<\/div>\n\t\t\t\t<\/div>\n\t\t\t\t\t<\/div>\n\t\t\t\t<\/div>\n\t\t\t\t<\/div>\n\t\t","protected":false},"excerpt":{"rendered":"<p>Advance CC &#8211; Conexi\u00f3n c\u00f3nica El sistema de implantes Advance\u00ae CC (concecci\u00f3n c\u00f3nica) es una soluci\u00f3n vanguardista al alcance del<\/p>\n","protected":false},"author":1,"featured_media":0,"parent":0,"menu_order":0,"comment_status":"closed","ping_status":"closed","template":"","meta":{"om_disable_all_campaigns":false,"_monsterinsights_skip_tracking":false,"_monsterinsights_sitenote_active":false,"_monsterinsights_sitenote_note":"","_monsterinsights_sitenote_category":0,"footnotes":""},"class_list":["post-21556","page","type-page","status-publish","hentry"],"aioseo_notices":[],"_links":{"self":[{"href":"https:\/\/sona.uy\/index.php\/wp-json\/wp\/v2\/pages\/21556","targetHints":{"allow":["GET"]}}],"collection":[{"href":"https:\/\/sona.uy\/index.php\/wp-json\/wp\/v2\/pages"}],"about":[{"href":"https:\/\/sona.uy\/index.php\/wp-json\/wp\/v2\/types\/page"}],"author":[{"embeddable":true,"href":"https:\/\/sona.uy\/index.php\/wp-json\/wp\/v2\/users\/1"}],"replies":[{"embeddable":true,"href":"https:\/\/sona.uy\/index.php\/wp-json\/wp\/v2\/comments?post=21556"}],"version-history":[{"count":7,"href":"https:\/\/sona.uy\/index.php\/wp-json\/wp\/v2\/pages\/21556\/revisions"}],"predecessor-version":[{"id":21605,"href":"https:\/\/sona.uy\/index.php\/wp-json\/wp\/v2\/pages\/21556\/revisions\/21605"}],"wp:attachment":[{"href":"https:\/\/sona.uy\/index.php\/wp-json\/wp\/v2\/media?parent=21556"}],"curies":[{"name":"wp","href":"https:\/\/api.w.org\/{rel}","templated":true}]}}